{"id":1264,"date":"2024-04-22T01:05:18","date_gmt":"2024-04-22T04:05:18","guid":{"rendered":"https:\/\/nuevo2.mtdc.cl\/?page_id=1264"},"modified":"2025-04-22T12:19:56","modified_gmt":"2025-04-22T15:19:56","slug":"contacto","status":"publish","type":"page","link":"https:\/\/www.mundotec.cl\/index.php\/contacto\/","title":{"rendered":"Contacto"},"content":{"rendered":"\t\t<div data-elementor-type=\"wp-page\" data-elementor-id=\"1264\" class=\"elementor elementor-1264\">\n\t\t\t\t<div class=\"elementor-element elementor-element-59b16ef e-flex e-con-boxed e-con e-parent\" data-id=\"59b16ef\" data-element_type=\"container\">\r\n\t\t\t\t\t<div class=\"e-con-inner\">\r\n\t\t\t\t<div class=\"elementor-element elementor-element-1883b17 elementor-widget elementor-widget-google_maps\" data-id=\"1883b17\" data-element_type=\"widget\" data-widget_type=\"google_maps.default\">\n\t\t\t\t<div class=\"elementor-widget-container\">\n\t\t\t\t\t\t\t<div class=\"elementor-custom-embed\">\n\t\t\t<iframe loading=\"lazy\"\n\t\t\t\t\tsrc=\"https:\/\/maps.google.com\/maps?q=Alfredo%20Barros%20Errazuriz%201968&#038;t=m&#038;z=18&#038;output=embed&#038;iwloc=near\"\n\t\t\t\t\ttitle=\"Alfredo Barros Errazuriz 1968\"\n\t\t\t\t\taria-label=\"Alfredo Barros Errazuriz 1968\"\n\t\t\t><\/iframe>\n\t\t<\/div>\n\t\t\t\t\t\t<\/div>\n\t\t\t\t<\/div>\n\t\t\t\t\t<\/div>\n\t\t\t\t<\/div>\n\t\t\t\t<section class=\"elementor-section elementor-top-section elementor-element elementor-element-10ce3ee push-top p-b-sm m-b elementor-section-boxed elementor-section-height-default elementor-section-height-default\" data-id=\"10ce3ee\" data-element_type=\"section\" id=\"contact-form\">\r\n\t\t\r\n\t\t\t\t\t\t\t<div class=\"elementor-container elementor-column-gap-default\">\r\n\t\t\t\t\t\t\t\t\t\t\t<div class=\"elementor-column elementor-col-50 elementor-top-column elementor-element elementor-element-507bf60\" data-id=\"507bf60\" data-element_type=\"column\">\r\n\t\t\t\t\t<div class=\"elementor-widget-wrap elementor-element-populated\">\r\n\t\t\t\t\t\t\t\t<div class=\"elementor-element elementor-element-0f03256 elementor-widget elementor-widget-porto_contact_form\" data-id=\"0f03256\" data-element_type=\"widget\" data-widget_type=\"porto_contact_form.default\">\n\t\t\t\t<div class=\"elementor-widget-container\">\n\t\t\t\t\t\n<div class=\"wpcf7 no-js\" id=\"wpcf7-f1269-o1\" lang=\"en-US\" dir=\"ltr\" data-wpcf7-id=\"1269\">\n<div class=\"screen-reader-response\"><p role=\"status\" aria-live=\"polite\" aria-atomic=\"true\"><\/p> <ul><\/ul><\/div>\n<form action=\"\/index.php\/wp-json\/wp\/v2\/pages\/1264#wpcf7-f1269-o1\" method=\"post\" class=\"wpcf7-form init\" aria-label=\"Contact form\" enctype=\"multipart\/form-data\" novalidate=\"novalidate\" data-status=\"init\">\n<div style=\"display: none;\">\n<input type=\"hidden\" name=\"_wpcf7\" value=\"1269\" \/>\n<input type=\"hidden\" name=\"_wpcf7_version\" value=\"6.0.6\" \/>\n<input type=\"hidden\" name=\"_wpcf7_locale\" value=\"en_US\" \/>\n<input type=\"hidden\" name=\"_wpcf7_unit_tag\" value=\"wpcf7-f1269-o1\" \/>\n<input type=\"hidden\" name=\"_wpcf7_container_post\" value=\"0\" \/>\n<input type=\"hidden\" name=\"_wpcf7_posted_data_hash\" value=\"\" \/>\n<input type=\"hidden\" name=\"_wpcf7_recaptcha_response\" value=\"\" \/>\n<\/div>\n<h2 class=\"short\"><b>Contacto<\/b><\/h2>\n<div class=\"row\">\n    <div class=\"col-lg-6\">\n        <div class=\"form-group\">\n            <label for=\"contact-name\" class=\"font-weight-bold text-dark\">Nombre y Apellido *<\/label>\n            <span class=\"wpcf7-form-control-wrap\" data-name=\"your-name\"><input size=\"40\" maxlength=\"400\" class=\"wpcf7-form-control wpcf7-text wpcf7-validates-as-required form-control\" id=\"contact-name\" aria-required=\"true\" aria-invalid=\"false\" value=\"\" type=\"text\" name=\"your-name\" \/><\/span>\n        <\/div><\/div>\n    <div class=\"col-lg-6\">\n        <div class=\"form-group\">\n            <label for=\"contact-email\" class=\"font-weight-bold text-dark\">Tu Direcci\u00f3n de correo *<\/label>\n            <span class=\"wpcf7-form-control-wrap\" data-name=\"your-email\"><input size=\"40\" maxlength=\"400\" class=\"wpcf7-form-control wpcf7-email wpcf7-validates-as-required wpcf7-text wpcf7-validates-as-email form-control\" id=\"contact-email\" aria-required=\"true\" aria-invalid=\"false\" value=\"\" type=\"email\" name=\"your-email\" \/><\/span>\n        <\/div><\/div>\n    <div class=\"col-lg-6\">\n        <div class=\"form-group\">\n            <label for=\"contact-subject\" class=\"font-weight-bold text-dark\">Asunto<\/label>\n            <span class=\"wpcf7-form-control-wrap\" data-name=\"your-subject\"><input size=\"40\" maxlength=\"400\" class=\"wpcf7-form-control wpcf7-text wpcf7-validates-as-required form-control\" id=\"contact-subject\" aria-required=\"true\" aria-invalid=\"false\" value=\"\" type=\"text\" name=\"your-subject\" \/><\/span>\n\t\t<\/div><\/div>\n     <div class=\"col-lg-6\">\n        <div class=\"form-group\">\n            <label for=\"contact-subject\" class=\"font-weight-bold text-dark\">Telefono<\/label>\n            <span class=\"wpcf7-form-control-wrap\" data-name=\"your-phone\"><input size=\"40\" maxlength=\"400\" class=\"wpcf7-form-control wpcf7-text wpcf7-validates-as-required form-control\" id=\"contact-phone\" aria-required=\"true\" aria-invalid=\"false\" value=\"\" type=\"text\" name=\"your-phone\" \/><\/span>\n\t\t<\/div><\/div>\t\n    <div class=\"col-lg-12\">\n        <div class=\"form-group\">\n            <label for=\"contact-attachment\" class=\"font-weight-bold text-dark\">Adjunto<\/label>\n            <span class=\"wpcf7-form-control-wrap\" data-name=\"your-attachment\"><input size=\"40\" class=\"wpcf7-form-control wpcf7-file\" id=\"contact-attachment\" accept=\"audio\/*,video\/*,image\/*\" aria-invalid=\"false\" type=\"file\" name=\"your-attachment\" \/><\/span>\n        <\/div><\/div>\n    <div class=\"col-lg-12\">\n        <div class=\"form-group\">\n            <label for=\"contact-message\" class=\"font-weight-bold text-dark\">Mensaje*<\/label>\n            <span class=\"wpcf7-form-control-wrap\" data-name=\"your-message\"><textarea cols=\"40\" rows=\"10\" maxlength=\"2000\" class=\"wpcf7-form-control wpcf7-textarea wpcf7-validates-as-required form-control\" id=\"contact-message\" aria-required=\"true\" aria-invalid=\"false\" name=\"your-message\"><\/textarea><\/span>\n        <\/div><\/div>\n    <div class=\"col-lg-12\">\n        <label for=\"contact-captcha\" class=\"font-weight-bold text-dark\">Human Verificaci\u00f3n*<\/label>\n    <\/div>\n    <div class=\"col-lg-8\">\n        <div class=\"form-group\">\n            <span class=\"wpcf7-form-control-wrap\" data-name=\"your-captcha\"><input size=\"40\" class=\"wpcf7-form-control wpcf7-captchar form-control\" id=\"contact-captcha\" autocomplete=\"off\" aria-invalid=\"false\" value=\"\" type=\"text\" name=\"your-captcha\" \/><\/span>\n        <\/div><\/div>\n    <div class=\"col-lg-4\">\n        <div class=\"form-group\">\n            <input type=\"hidden\" name=\"_wpcf7_captcha_challenge_your-captcha\" value=\"1309062645\" \/><img decoding=\"async\" class=\"wpcf7-form-control wpcf7-captchac wpcf7-captcha-your-captcha\" width=\"72\" height=\"24\" alt=\"captcha\" src=\"https:\/\/www.mundotec.cl\/wp-content\/uploads\/wpcf7_captcha\/1309062645.png\" \/>\n        <\/div><\/div>\n    <hr>\n    <div class=\"col-lg-12\">\n        <div class=\"form-group\">\n            <input class=\"wpcf7-form-control wpcf7-submit has-spinner btn btn-primary btn-modern\" type=\"submit\" value=\"Enviar Mensaje\" \/>\n        <\/div><\/div>\n<\/div><div class=\"wpcf7-response-output\" aria-hidden=\"true\"><\/div>\n<\/form>\n<\/div>\n\t\t\t\t<\/div>\n\t\t\t\t<\/div>\n\t\t\t\t\t<\/div>\r\n\t\t\t\t<\/div>\r\n\t\t\t\t<div class=\"elementor-column elementor-col-50 elementor-top-column elementor-element elementor-element-bbde7fa info-box-small\" data-id=\"bbde7fa\" data-element_type=\"column\">\r\n\t\t\t\t\t<div class=\"elementor-widget-wrap elementor-element-populated\">\r\n\t\t\t\t\t\t\t\t<div class=\"elementor-element elementor-element-084ece3 text-color-primary m-t m-b elementor-widget elementor-widget-heading\" data-id=\"084ece3\" data-element_type=\"widget\" data-widget_type=\"heading.default\">\n\t\t\t\t<div class=\"elementor-widget-container\">\n\t\t\t\t\t<h4 class=\"elementor-heading-title elementor-size-default\">CONT\u00c1CTENOS<\/b><\/h4>\t\t\t\t<\/div>\n\t\t\t\t<\/div>\n\t\t\t\t<div class=\"elementor-element elementor-element-aeb6c8d p-b-sm mb-4 elementor-widget elementor-widget-text-editor\" data-id=\"aeb6c8d\" data-element_type=\"widget\" data-widget_type=\"text-editor.default\">\n\t\t\t\t<div class=\"elementor-widget-container\">\n\t\t\t\t\t\t\t\t\t<p>Pongase en contacto con nosotros para saber de nuestros servicios<\/p>\t\t\t\t\t\t\t\t<\/div>\n\t\t\t\t<\/div>\n\t\t\t\t<div class=\"elementor-element elementor-element-147d092 text-color-primary mb-0 elementor-widget elementor-widget-heading\" data-id=\"147d092\" data-element_type=\"widget\" data-widget_type=\"heading.default\">\n\t\t\t\t<div class=\"elementor-widget-container\">\n\t\t\t\t\t<h4 class=\"elementor-heading-title elementor-size-default\">Nuestra Oficina<\/h4>\t\t\t\t<\/div>\n\t\t\t\t<\/div>\n\t\t\t\t<div class=\"elementor-element elementor-element-6bf45d8 m-b-md elementor-widget elementor-widget-porto_info_box\" data-id=\"6bf45d8\" data-element_type=\"widget\" data-widget_type=\"porto_info_box.default\">\n\t\t\t\t<div class=\"elementor-widget-container\">\n\t\t\t\t\t<div class=\"porto-sicon-box style_1 default-icon\"><div class=\"porto-sicon-default\"><div class=\"porto-just-icon-wrapper porto-icon circle\" style=\"\"><i class=\"fas fa-map-marker-alt\"><\/i><\/div><\/div><div class=\"porto-sicon-header\"><h3 class=\"porto-sicon-title\" style=\"\">Direcci\u00f3n:<\/b> Alfredo Barros Errazuriz #1968 Local 1B (Patio Interior), Providencia Metro Pedro de Valdivia<\/h3><\/div> <!-- header --><\/div><!-- porto-sicon-box -->\t\t\t\t<\/div>\n\t\t\t\t<\/div>\n\t\t\t\t<div class=\"elementor-element elementor-element-9985e3c m-b-md elementor-widget elementor-widget-porto_info_box\" data-id=\"9985e3c\" data-element_type=\"widget\" data-widget_type=\"porto_info_box.default\">\n\t\t\t\t<div class=\"elementor-widget-container\">\n\t\t\t\t\t<div class=\"porto-sicon-box style_1 default-icon flex-wrap\"><div class=\"porto-sicon-default\"><div class=\"porto-just-icon-wrapper porto-icon circle\" style=\"\"><i class=\"fas fa-phone\"><\/i><\/div><\/div><div class=\"porto-sicon-header\"><h3 class=\"porto-sicon-title\" style=\"\">Tel\u00e9fono:<\/b> <\/h3><\/div> <!-- header --><div class=\"porto-sicon-description\" style=\"\" ><p>Mesa Central (+56-2) 2244 1280<\/p><\/div> <!-- description --><\/div><!-- porto-sicon-box -->\t\t\t\t<\/div>\n\t\t\t\t<\/div>\n\t\t\t\t<div class=\"elementor-element elementor-element-133399c m-b-md elementor-widget elementor-widget-porto_info_box\" data-id=\"133399c\" data-element_type=\"widget\" data-widget_type=\"porto_info_box.default\">\n\t\t\t\t<div class=\"elementor-widget-container\">\n\t\t\t\t\t<div class=\"porto-sicon-box style_1 default-icon\"><div class=\"porto-sicon-default\"><div class=\"porto-just-icon-wrapper porto-icon circle\" style=\"\"><i class=\"fas fa-envelope\"><\/i><\/div><\/div><div class=\"porto-sicon-header\"><h3 class=\"porto-sicon-title\" style=\"\">Email:<\/b> web@mundotec.cl<\/h3><\/div> <!-- header --><\/div><!-- porto-sicon-box -->\t\t\t\t<\/div>\n\t\t\t\t<\/div>\n\t\t\t\t<div class=\"elementor-element elementor-element-40b4c09 zoom-images m-t-n-sm m-b-md elementor-widget elementor-widget-image-gallery\" data-id=\"40b4c09\" data-element_type=\"widget\" data-widget_type=\"image-gallery.default\">\n\t\t\t\t<div class=\"elementor-widget-container\">\n\t\t\t\t\t\t\t<div class=\"elementor-image-gallery\">\n\t\t\t<div id='gallery-1' class='gallery galleryid-1264 gallery-columns-3 gallery-size-full'><figure class='gallery-item'>\n\t\t\t<div class='gallery-icon landscape'>\n\t\t\t\t<a data-elementor-open-lightbox=\"yes\" data-elementor-lightbox-slideshow=\"40b4c09\" data-elementor-lightbox-title=\"our-office-1\" data-e-action-hash=\"#elementor-action%3Aaction%3Dlightbox%26settings%3DeyJpZCI6MTI2NiwidXJsIjoiaHR0cHM6XC9cL3d3dy5tdW5kb3RlYy5jbFwvd3AtY29udGVudFwvdXBsb2Fkc1wvMjAyNFwvMDRcL291ci1vZmZpY2UtMS5qcGciLCJzbGlkZXNob3ciOiI0MGI0YzA5In0%3D\" href='https:\/\/www.mundotec.cl\/wp-content\/uploads\/2024\/04\/our-office-1.jpg'><img fetchpriority=\"high\" decoding=\"async\" width=\"1170\" height=\"450\" src=\"https:\/\/www.mundotec.cl\/wp-content\/uploads\/2024\/04\/our-office-1.jpg\" class=\"attachment-full size-full\" alt=\"\" srcset=\"https:\/\/www.mundotec.cl\/wp-content\/uploads\/2024\/04\/our-office-1.jpg 1170w, https:\/\/www.mundotec.cl\/wp-content\/uploads\/2024\/04\/our-office-1-600x231.jpg 600w, https:\/\/www.mundotec.cl\/wp-content\/uploads\/2024\/04\/our-office-1-1024x394.jpg 1024w, https:\/\/www.mundotec.cl\/wp-content\/uploads\/2024\/04\/our-office-1-768x295.jpg 768w, https:\/\/www.mundotec.cl\/wp-content\/uploads\/2024\/04\/our-office-1-640x246.jpg 640w, https:\/\/www.mundotec.cl\/wp-content\/uploads\/2024\/04\/our-office-1-400x154.jpg 400w\" sizes=\"(max-width: 1170px) 100vw, 1170px\" \/><\/a>\n\t\t\t<\/div><\/figure><figure class='gallery-item'>\n\t\t\t<div class='gallery-icon landscape'>\n\t\t\t\t<a data-elementor-open-lightbox=\"yes\" data-elementor-lightbox-slideshow=\"40b4c09\" data-elementor-lightbox-title=\"our-office-2\" data-e-action-hash=\"#elementor-action%3Aaction%3Dlightbox%26settings%3DeyJpZCI6MTI2NywidXJsIjoiaHR0cHM6XC9cL3d3dy5tdW5kb3RlYy5jbFwvd3AtY29udGVudFwvdXBsb2Fkc1wvMjAyNFwvMDRcL291ci1vZmZpY2UtMi5qcGciLCJzbGlkZXNob3ciOiI0MGI0YzA5In0%3D\" href='https:\/\/www.mundotec.cl\/wp-content\/uploads\/2024\/04\/our-office-2.jpg'><img decoding=\"async\" width=\"1170\" height=\"450\" src=\"https:\/\/www.mundotec.cl\/wp-content\/uploads\/2024\/04\/our-office-2.jpg\" class=\"attachment-full size-full\" alt=\"\" srcset=\"https:\/\/www.mundotec.cl\/wp-content\/uploads\/2024\/04\/our-office-2.jpg 1170w, https:\/\/www.mundotec.cl\/wp-content\/uploads\/2024\/04\/our-office-2-600x231.jpg 600w, https:\/\/www.mundotec.cl\/wp-content\/uploads\/2024\/04\/our-office-2-1024x394.jpg 1024w, https:\/\/www.mundotec.cl\/wp-content\/uploads\/2024\/04\/our-office-2-768x295.jpg 768w, https:\/\/www.mundotec.cl\/wp-content\/uploads\/2024\/04\/our-office-2-640x246.jpg 640w, https:\/\/www.mundotec.cl\/wp-content\/uploads\/2024\/04\/our-office-2-400x154.jpg 400w\" sizes=\"(max-width: 1170px) 100vw, 1170px\" \/><\/a>\n\t\t\t<\/div><\/figure><figure class='gallery-item'>\n\t\t\t<div class='gallery-icon landscape'>\n\t\t\t\t<a data-elementor-open-lightbox=\"yes\" data-elementor-lightbox-slideshow=\"40b4c09\" data-elementor-lightbox-title=\"our-office-3\" data-e-action-hash=\"#elementor-action%3Aaction%3Dlightbox%26settings%3DeyJpZCI6MTI2OCwidXJsIjoiaHR0cHM6XC9cL3d3dy5tdW5kb3RlYy5jbFwvd3AtY29udGVudFwvdXBsb2Fkc1wvMjAyNFwvMDRcL291ci1vZmZpY2UtMy5qcGciLCJzbGlkZXNob3ciOiI0MGI0YzA5In0%3D\" href='https:\/\/www.mundotec.cl\/wp-content\/uploads\/2024\/04\/our-office-3.jpg'><img loading=\"lazy\" decoding=\"async\" width=\"1170\" height=\"450\" src=\"https:\/\/www.mundotec.cl\/wp-content\/uploads\/2024\/04\/our-office-3.jpg\" class=\"attachment-full size-full\" alt=\"\" srcset=\"https:\/\/www.mundotec.cl\/wp-content\/uploads\/2024\/04\/our-office-3.jpg 1170w, https:\/\/www.mundotec.cl\/wp-content\/uploads\/2024\/04\/our-office-3-600x231.jpg 600w, https:\/\/www.mundotec.cl\/wp-content\/uploads\/2024\/04\/our-office-3-1024x394.jpg 1024w, https:\/\/www.mundotec.cl\/wp-content\/uploads\/2024\/04\/our-office-3-768x295.jpg 768w, https:\/\/www.mundotec.cl\/wp-content\/uploads\/2024\/04\/our-office-3-640x246.jpg 640w, https:\/\/www.mundotec.cl\/wp-content\/uploads\/2024\/04\/our-office-3-400x154.jpg 400w\" sizes=\"(max-width: 1170px) 100vw, 1170px\" \/><\/a>\n\t\t\t<\/div><\/figure>\n\t\t<\/div>\n\t\t<\/div>\n\t\t\t\t\t\t<\/div>\n\t\t\t\t<\/div>\n\t\t\t\t<div class=\"elementor-element elementor-element-87954e1 text-color-primary  mb-0 elementor-widget elementor-widget-heading\" data-id=\"87954e1\" data-element_type=\"widget\" data-widget_type=\"heading.default\">\n\t\t\t\t<div class=\"elementor-widget-container\">\n\t\t\t\t\t<h4 class=\"elementor-heading-title elementor-size-default\">Nuestro Horario<\/b><\/h4>\t\t\t\t<\/div>\n\t\t\t\t<\/div>\n\t\t\t\t<div class=\"elementor-element elementor-element-04d1f12 m-b-md elementor-widget elementor-widget-porto_info_box\" data-id=\"04d1f12\" data-element_type=\"widget\" data-widget_type=\"porto_info_box.default\">\n\t\t\t\t<div class=\"elementor-widget-container\">\n\t\t\t\t\t<div class=\"porto-sicon-box style_1 default-icon\"><div class=\"porto-sicon-default\"><div class=\"porto-just-icon-wrapper porto-icon none\" style=\"\"><i class=\"far fa-clock\"><\/i><\/div><\/div><div class=\"porto-sicon-header\"><h3 class=\"porto-sicon-title\" style=\"\">Lunes - Viernes 09:30  a 17:30  Horas<\/h3><\/div> <!-- header --><\/div><!-- porto-sicon-box -->\t\t\t\t<\/div>\n\t\t\t\t<\/div>\n\t\t\t\t<div class=\"elementor-element elementor-element-149efe2 m-b-md elementor-widget elementor-widget-porto_info_box\" data-id=\"149efe2\" data-element_type=\"widget\" data-widget_type=\"porto_info_box.default\">\n\t\t\t\t<div class=\"elementor-widget-container\">\n\t\t\t\t\t<div class=\"porto-sicon-box style_1 default-icon\"><div class=\"porto-sicon-default\"><div class=\"porto-just-icon-wrapper porto-icon none\" style=\"\"><i class=\"far fa-clock\"><\/i><\/div><\/div><div class=\"porto-sicon-header\"><h3 class=\"porto-sicon-title\" style=\"\">Sabado y Domingo - Cerrado<\/h3><\/div> <!-- header --><\/div><!-- porto-sicon-box -->\t\t\t\t<\/div>\n\t\t\t\t<\/div>\n\t\t\t\t\t<\/div>\r\n\t\t\t\t<\/div>\r\n\t\t\t\t\t<\/div>\r\n\t\t\t\t<\/section>\r\n\t\t\t\t<\/div>\n\t\t","protected":false},"excerpt":{"rendered":"<p>Contacto Nombre y Apellido * Tu Direcci\u00f3n de correo * Asunto Telefono Adjunto Mensaje* Human Verificaci\u00f3n* CONT\u00c1CTENOS Pongase en contacto con nosotros para saber de nuestros servicios Nuestra Oficina Direcci\u00f3n: Alfredo Barros Errazuriz #1968 Local 1B (Patio Interior), Providencia Metro Pedro de Valdivia Tel\u00e9fono: Mesa Central (+56-2) 2244 1280 Email: web@mundotec.cl Nuestro Horario Lunes &#8211; [&hellip;]<\/p>\n","protected":false},"author":1,"featured_media":0,"parent":0,"menu_order":0,"comment_status":"closed","ping_status":"closed","template":"","meta":{"_joinchat":[],"footnotes":""},"class_list":["post-1264","page","type-page","status-publish","hentry"],"_links":{"self":[{"href":"https:\/\/www.mundotec.cl\/index.php\/wp-json\/wp\/v2\/pages\/1264","targetHints":{"allow":["GET"]}}],"collection":[{"href":"https:\/\/www.mundotec.cl\/index.php\/wp-json\/wp\/v2\/pages"}],"about":[{"href":"https:\/\/www.mundotec.cl\/index.php\/wp-json\/wp\/v2\/types\/page"}],"author":[{"embeddable":true,"href":"https:\/\/www.mundotec.cl\/index.php\/wp-json\/wp\/v2\/users\/1"}],"replies":[{"embeddable":true,"href":"https:\/\/www.mundotec.cl\/index.php\/wp-json\/wp\/v2\/comments?post=1264"}],"version-history":[{"count":9,"href":"https:\/\/www.mundotec.cl\/index.php\/wp-json\/wp\/v2\/pages\/1264\/revisions"}],"predecessor-version":[{"id":2751,"href":"https:\/\/www.mundotec.cl\/index.php\/wp-json\/wp\/v2\/pages\/1264\/revisions\/2751"}],"wp:attachment":[{"href":"https:\/\/www.mundotec.cl\/index.php\/wp-json\/wp\/v2\/media?parent=1264"}],"curies":[{"name":"wp","href":"https:\/\/api.w.org\/{rel}","templated":true}]}}