{"id":2284,"date":"2025-04-07T11:52:48","date_gmt":"2025-04-07T14:52:48","guid":{"rendered":"https:\/\/new.mundotec.cl\/?page_id=2284"},"modified":"2025-04-12T19:20:09","modified_gmt":"2025-04-12T22:20:09","slug":"importaciones","status":"publish","type":"page","link":"https:\/\/www.mundotec.cl\/index.php\/importaciones\/","title":{"rendered":"Importaciones"},"content":{"rendered":"\t\t<div data-elementor-type=\"wp-page\" data-elementor-id=\"2284\" class=\"elementor elementor-2284\">\n\t\t\t\t\t\t<section class=\"porto-full-no-gap elementor-section elementor-top-section elementor-element elementor-element-9087f87 elementor-section-full_width elementor-section-content-middle elementor-section-height-default elementor-section-height-default\" data-id=\"9087f87\" data-element_type=\"section\" data-settings=\"{&quot;background_background&quot;:&quot;classic&quot;}\">\r\n\t\t\r\n\t\t\t\t\t\t\t<div class=\"elementor-container elementor-column-gap-no\">\r\n\t\t\t\t\t\t\t\t\t\t\t<div class=\"elementor-column elementor-col-50 elementor-top-column elementor-element elementor-element-00f1ba1 image-column\" data-id=\"00f1ba1\" data-element_type=\"column\" data-settings=\"{&quot;background_background&quot;:&quot;classic&quot;}\">\r\n\t\t\t\t\t<div data-plugin-parallax=\"\" data-plugin-options=\"{&quot;speed&quot;: 1.5}\" class=\"elementor-widget-wrap\">\r\n\t\t\t\t\t\t\t\t\t<\/div>\r\n\t\t\t\t<\/div>\r\n\t\t\t\t<div class=\"elementor-column elementor-col-50 elementor-top-column elementor-element elementor-element-fa7e48d py-4 elementor-invisible\" data-id=\"fa7e48d\" data-element_type=\"column\" data-settings=\"{&quot;animation&quot;:&quot;fadeInUp&quot;}\">\r\n\t\t\t\t\t<div class=\"col-half-section py-5 ps-md-5 elementor-widget-wrap elementor-element-populated\">\r\n\t\t\t\t\t\t\t\t<div class=\"elementor-element elementor-element-45b7317 mb-1 elementor-widget elementor-widget-heading\" data-id=\"45b7317\" data-element_type=\"widget\" data-widget_type=\"heading.default\">\n\t\t\t\t<div class=\"elementor-widget-container\">\n\t\t\t\t\t<h4 class=\"elementor-heading-title elementor-size-default\">Area de Importaciones<\/h4>\t\t\t\t<\/div>\n\t\t\t\t<\/div>\n\t\t\t\t<div class=\"elementor-element elementor-element-5129abd lead mb-2 elementor-widget elementor-widget-text-editor\" data-id=\"5129abd\" data-element_type=\"widget\" data-widget_type=\"text-editor.default\">\n\t\t\t\t<div class=\"elementor-widget-container\">\n\t\t\t\t\t\t\t\t\t<p>Importaci\u00f3n Directa<\/p>\t\t\t\t\t\t\t\t<\/div>\n\t\t\t\t<\/div>\n\t\t\t\t<div class=\"elementor-element elementor-element-619f28e elementor-widget elementor-widget-text-editor\" data-id=\"619f28e\" data-element_type=\"widget\" data-widget_type=\"text-editor.default\">\n\t\t\t\t<div class=\"elementor-widget-container\">\n\t\t\t\t\t\t\t\t\t<p>Nuestra \u00e1rea de Importaciones facilita el acceso a componentes, dispositivos electr\u00f3nicos y repuestos inform\u00e1ticos que no se encuentran disponibles localmente. A trav\u00e9s de nuestra red de proveedores internacionales, traemos al pa\u00eds productos de las principales marcas del sector TI, asegurando calidad y compatibilidad con las necesidades de nuestros clientes.<\/p>\t\t\t\t\t\t\t\t<\/div>\n\t\t\t\t<\/div>\n\t\t\t\t\t<\/div>\r\n\t\t\t\t<\/div>\r\n\t\t\t\t\t<\/div>\r\n\t\t\t\t<\/section>\r\n\t\t\t\t<section class=\"porto-full-no-gap elementor-section elementor-top-section elementor-element elementor-element-8463476 elementor-section-full_width elementor-section-content-middle elementor-section-height-default elementor-section-height-default\" data-id=\"8463476\" data-element_type=\"section\" data-settings=\"{&quot;background_background&quot;:&quot;classic&quot;}\">\r\n\t\t\r\n\t\t\t\t\t\t\t<div class=\"elementor-container elementor-column-gap-no\">\r\n\t\t\t\t\t\t\t\t\t\t\t<div class=\"elementor-column elementor-col-50 elementor-top-column elementor-element elementor-element-4e86b33 image-column order-md-1\" data-id=\"4e86b33\" data-element_type=\"column\" data-settings=\"{&quot;background_background&quot;:&quot;classic&quot;}\">\r\n\t\t\t\t\t<div data-plugin-parallax=\"\" data-plugin-options=\"{&quot;speed&quot;: 1.5}\" class=\"elementor-widget-wrap\">\r\n\t\t\t\t\t\t\t\t\t<\/div>\r\n\t\t\t\t<\/div>\r\n\t\t\t\t<div class=\"elementor-column elementor-col-50 elementor-top-column elementor-element elementor-element-0631219 py-4 elementor-invisible\" data-id=\"0631219\" data-element_type=\"column\" data-settings=\"{&quot;animation&quot;:&quot;fadeInUp&quot;}\">\r\n\t\t\t\t\t<div class=\"col-half-section col-half-section-right py-5 pe-md-5 elementor-widget-wrap elementor-element-populated\">\r\n\t\t\t\t\t\t\t\t<div class=\"elementor-element elementor-element-f80bd76 mb-1 elementor-widget elementor-widget-heading\" data-id=\"f80bd76\" data-element_type=\"widget\" data-widget_type=\"heading.default\">\n\t\t\t\t<div class=\"elementor-widget-container\">\n\t\t\t\t\t<h4 class=\"elementor-heading-title elementor-size-default\">Servicios<\/h4>\t\t\t\t<\/div>\n\t\t\t\t<\/div>\n\t\t\t\t<div class=\"elementor-element elementor-element-8ed8d4e lead mb-2 elementor-widget elementor-widget-text-editor\" data-id=\"8ed8d4e\" data-element_type=\"widget\" data-widget_type=\"text-editor.default\">\n\t\t\t\t<div class=\"elementor-widget-container\">\n\t\t\t\t\t\t\t\t\t<p>Asesoria completa<\/p>\t\t\t\t\t\t\t\t<\/div>\n\t\t\t\t<\/div>\n\t\t\t\t<div class=\"elementor-element elementor-element-58d86c5 elementor-widget elementor-widget-text-editor\" data-id=\"58d86c5\" data-element_type=\"widget\" data-widget_type=\"text-editor.default\">\n\t\t\t\t<div class=\"elementor-widget-container\">\n\t\t\t\t\t\t\t\t\t<p>Al ser un servicio a pedido, ofrecemos asesor\u00eda experta en la selecci\u00f3n de productos, gesti\u00f3n log\u00edstica eficiente y seguimiento en cada etapa del proceso, garantizando una entrega segura dentro de los plazos establecidos.<\/p>\t\t\t\t\t\t\t\t<\/div>\n\t\t\t\t<\/div>\n\t\t\t\t\t<\/div>\r\n\t\t\t\t<\/div>\r\n\t\t\t\t\t<\/div>\r\n\t\t\t\t<\/section>\r\n\t\t\t\t<section class=\"elementor-section elementor-top-section elementor-element elementor-element-f4c897f m-t-n-xs elementor-section-boxed elementor-section-height-default elementor-section-height-default\" data-id=\"f4c897f\" data-element_type=\"section\">\r\n\t\t\r\n\t\t\t\t\t\t\t<div class=\"elementor-container elementor-column-gap-default\">\r\n\t\t\t\t\t\t\t\t\t\t\t<div class=\"elementor-column elementor-col-100 elementor-top-column elementor-element elementor-element-ea9683e\" data-id=\"ea9683e\" data-element_type=\"column\">\r\n\t\t\t\t\t<div class=\"elementor-widget-wrap elementor-element-populated\">\r\n\t\t\t\t\t\t\t\t<div class=\"elementor-element elementor-element-ff2a0dc my-5 elementor-widget-divider--view-line elementor-widget elementor-widget-divider\" data-id=\"ff2a0dc\" data-element_type=\"widget\" data-widget_type=\"divider.default\">\n\t\t\t\t<div class=\"elementor-widget-container\">\n\t\t\t\t\t\t\t<div class=\"elementor-divider\">\n\t\t\t<span class=\"elementor-divider-separator\">\n\t\t\t\t\t\t<\/span>\n\t\t<\/div>\n\t\t\t\t\t\t<\/div>\n\t\t\t\t<\/div>\n\t\t\t\t<div class=\"elementor-element elementor-element-b518e14 m-t-xl mb-1 elementor-invisible elementor-widget elementor-widget-heading\" data-id=\"b518e14\" data-element_type=\"widget\" data-settings=\"{&quot;_animation&quot;:&quot;fadeInUp&quot;,&quot;_animation_delay&quot;:200}\" data-widget_type=\"heading.default\">\n\t\t\t\t<div class=\"elementor-widget-container\">\n\t\t\t\t\t<p class=\"elementor-heading-title elementor-size-default\">\u00bfQUI\u00c9NES EST\u00c1N CON NOSOTROS?\n<\/p>\t\t\t\t<\/div>\n\t\t\t\t<\/div>\n\t\t\t\t<div class=\"elementor-element elementor-element-d38c4b3 mb-5 elementor-invisible elementor-widget elementor-widget-heading\" data-id=\"d38c4b3\" data-element_type=\"widget\" data-settings=\"{&quot;_animation&quot;:&quot;fadeInUp&quot;,&quot;_animation_delay&quot;:400}\" data-widget_type=\"heading.default\">\n\t\t\t\t<div class=\"elementor-widget-container\">\n\t\t\t\t\t<h2 class=\"elementor-heading-title elementor-size-default\">Nuestros incre\u00edbles clientes y partner<\/h2>\t\t\t\t<\/div>\n\t\t\t\t<\/div>\n\t\t\t\t<div class=\"elementor-element elementor-element-4742f44 gallery-spacing-custom brand-gallery mb-5 animated-slow elementor-invisible elementor-widget elementor-widget-image-gallery\" data-id=\"4742f44\" data-element_type=\"widget\" data-settings=\"{&quot;_animation&quot;:&quot;zoomIn&quot;,&quot;_animation_delay&quot;:700}\" data-widget_type=\"image-gallery.default\">\n\t\t\t\t<div class=\"elementor-widget-container\">\n\t\t\t\t\t\t\t<div class=\"elementor-image-gallery\">\n\t\t\t<div id='gallery-1' class='gallery galleryid-2284 gallery-columns-6 gallery-size-full'><figure class='gallery-item'>\n\t\t\t<div class='gallery-icon landscape'>\n\t\t\t\t<img decoding=\"async\" width=\"203\" height=\"123\" src=\"https:\/\/www.mundotec.cl\/wp-content\/uploads\/2024\/04\/1699963749dell_thumb.jpg\" class=\"attachment-full size-full\" alt=\"\" \/>\n\t\t\t<\/div><\/figure><figure class='gallery-item'>\n\t\t\t<div class='gallery-icon landscape'>\n\t\t\t\t<img decoding=\"async\" width=\"208\" height=\"127\" src=\"https:\/\/www.mundotec.cl\/wp-content\/uploads\/2024\/04\/1617624692amsung_thumb.jpg\" class=\"attachment-full size-full\" alt=\"\" \/>\n\t\t\t<\/div><\/figure><figure class='gallery-item'>\n\t\t\t<div class='gallery-icon landscape'>\n\t\t\t\t<img decoding=\"async\" width=\"174\" height=\"106\" src=\"https:\/\/www.mundotec.cl\/wp-content\/uploads\/2024\/04\/1477620203xerox_thumb.jpg\" class=\"attachment-full size-full\" alt=\"\" \/>\n\t\t\t<\/div><\/figure><figure class='gallery-item'>\n\t\t\t<div class='gallery-icon landscape'>\n\t\t\t\t<img loading=\"lazy\" decoding=\"async\" width=\"164\" height=\"100\" src=\"https:\/\/www.mundotec.cl\/wp-content\/uploads\/2024\/04\/1175883261canon_thumb.jpg\" class=\"attachment-full size-full\" alt=\"\" \/>\n\t\t\t<\/div><\/figure><figure class='gallery-item'>\n\t\t\t<div class='gallery-icon landscape'>\n\t\t\t\t<img loading=\"lazy\" decoding=\"async\" width=\"164\" height=\"100\" src=\"https:\/\/www.mundotec.cl\/wp-content\/uploads\/2024\/04\/1183944395kasperski_thumb.jpg\" class=\"attachment-full size-full\" alt=\"\" \/>\n\t\t\t<\/div><\/figure><figure class='gallery-item'>\n\t\t\t<div class='gallery-icon landscape'>\n\t\t\t\t<img loading=\"lazy\" decoding=\"async\" width=\"157\" height=\"96\" src=\"https:\/\/www.mundotec.cl\/wp-content\/uploads\/2024\/04\/1126411701fortinet_thumb.jpg\" class=\"attachment-full size-full\" alt=\"\" \/>\n\t\t\t<\/div><\/figure><figure class='gallery-item'>\n\t\t\t<div class='gallery-icon landscape'>\n\t\t\t\t<img loading=\"lazy\" decoding=\"async\" width=\"172\" height=\"105\" src=\"https:\/\/www.mundotec.cl\/wp-content\/uploads\/2024\/04\/1081190267linksis_thumb.jpg\" class=\"attachment-full size-full\" alt=\"\" \/>\n\t\t\t<\/div><\/figure><figure class='gallery-item'>\n\t\t\t<div class='gallery-icon landscape'>\n\t\t\t\t<img loading=\"lazy\" decoding=\"async\" width=\"197\" height=\"120\" src=\"https:\/\/www.mundotec.cl\/wp-content\/uploads\/2024\/04\/1783347493asus_thumb.jpg\" class=\"attachment-full size-full\" alt=\"\" \/>\n\t\t\t<\/div><\/figure><figure class='gallery-item'>\n\t\t\t<div class='gallery-icon landscape'>\n\t\t\t\t<img loading=\"lazy\" decoding=\"async\" width=\"204\" height=\"124\" src=\"https:\/\/www.mundotec.cl\/wp-content\/uploads\/2024\/04\/1079673643lenovo_thumb.jpg\" class=\"attachment-full size-full\" alt=\"\" \/>\n\t\t\t<\/div><\/figure><figure class='gallery-item'>\n\t\t\t<div class='gallery-icon landscape'>\n\t\t\t\t<img loading=\"lazy\" decoding=\"async\" width=\"160\" height=\"98\" src=\"https:\/\/www.mundotec.cl\/wp-content\/uploads\/2024\/04\/1813165368vmware_thumb-1.jpg\" class=\"attachment-full size-full\" alt=\"\" \/>\n\t\t\t<\/div><\/figure><figure class='gallery-item'>\n\t\t\t<div class='gallery-icon landscape'>\n\t\t\t\t<img loading=\"lazy\" decoding=\"async\" width=\"2006\" height=\"1221\" src=\"https:\/\/www.mundotec.cl\/wp-content\/uploads\/2024\/04\/1819765206logo_thumb.jpg\" class=\"attachment-full size-full\" alt=\"\" srcset=\"https:\/\/www.mundotec.cl\/wp-content\/uploads\/2024\/04\/1819765206logo_thumb.jpg 2006w, https:\/\/www.mundotec.cl\/wp-content\/uploads\/2024\/04\/1819765206logo_thumb-600x365.jpg 600w, https:\/\/www.mundotec.cl\/wp-content\/uploads\/2024\/04\/1819765206logo_thumb-1024x623.jpg 1024w, https:\/\/www.mundotec.cl\/wp-content\/uploads\/2024\/04\/1819765206logo_thumb-768x467.jpg 768w, https:\/\/www.mundotec.cl\/wp-content\/uploads\/2024\/04\/1819765206logo_thumb-1536x935.jpg 1536w, https:\/\/www.mundotec.cl\/wp-content\/uploads\/2024\/04\/1819765206logo_thumb-640x390.jpg 640w, https:\/\/www.mundotec.cl\/wp-content\/uploads\/2024\/04\/1819765206logo_thumb-400x243.jpg 400w\" sizes=\"(max-width: 2006px) 100vw, 2006px\" \/>\n\t\t\t<\/div><\/figure><figure class='gallery-item'>\n\t\t\t<div class='gallery-icon landscape'>\n\t\t\t\t<img loading=\"lazy\" decoding=\"async\" width=\"187\" height=\"114\" src=\"https:\/\/www.mundotec.cl\/wp-content\/uploads\/2024\/04\/1956890684dlink_thumb.jpg\" class=\"attachment-full size-full\" alt=\"\" \/>\n\t\t\t<\/div><\/figure>\n\t\t<\/div>\n\t\t<\/div>\n\t\t\t\t\t\t<\/div>\n\t\t\t\t<\/div>\n\t\t\t\t\t<\/div>\r\n\t\t\t\t<\/div>\r\n\t\t\t\t\t<\/div>\r\n\t\t\t\t<\/section>\r\n\t\t\t\t<section class=\"elementor-section elementor-top-section elementor-element elementor-element-0b06f06 background-color-dark elementor-section-boxed elementor-section-height-default elementor-section-height-default\" data-id=\"0b06f06\" data-element_type=\"section\">\r\n\t\t\r\n\t\t\t\t\t\t\t<div class=\"elementor-container elementor-column-gap-default\">\r\n\t\t\t\t\t\t\t\t\t\t\t<div class=\"elementor-column elementor-col-25 elementor-top-column elementor-element elementor-element-2286daa\" data-id=\"2286daa\" data-element_type=\"column\">\r\n\t\t\t\t\t<div class=\"elementor-widget-wrap elementor-element-populated\">\r\n\t\t\t\t\t\t\t\t<div class=\"elementor-element elementor-element-8a90ad4 elementor-widget elementor-widget-porto_stat_counter\" data-id=\"8a90ad4\" data-element_type=\"widget\" data-widget_type=\"porto_stat_counter.default\">\n\t\t\t\t<div class=\"elementor-widget-container\">\n\t\t\t\t\t<div class=\"stats-block stats-top\"><div class=\"stats-desc\"><div id=\"counter_104312405269fb2f69283dc\" data-id=\"counter_104312405269fb2f69283dc\" class=\"stats-number\" style=\" \" data-speed=\"3\" data-counter-value=\"18\" data-separator=\"none\" data-decimal=\".\">0<\/div><div class=\"counter_suffix mycust\" style=\" \">+<\/div><div class=\"stats-text\" style=\"\">A\u00f1os de negocio<\/div><\/div><\/div>\t\t\t\t<\/div>\n\t\t\t\t<\/div>\n\t\t\t\t\t<\/div>\r\n\t\t\t\t<\/div>\r\n\t\t\t\t<div class=\"elementor-column elementor-col-25 elementor-top-column elementor-element elementor-element-e3f4409\" data-id=\"e3f4409\" data-element_type=\"column\">\r\n\t\t\t\t\t<div class=\"elementor-widget-wrap elementor-element-populated\">\r\n\t\t\t\t\t\t\t\t<div class=\"elementor-element elementor-element-ad5bf78 elementor-widget elementor-widget-porto_stat_counter\" data-id=\"ad5bf78\" data-element_type=\"widget\" data-widget_type=\"porto_stat_counter.default\">\n\t\t\t\t<div class=\"elementor-widget-container\">\n\t\t\t\t\t<div class=\"stats-block stats-top\"><div class=\"stats-desc\"><div id=\"counter_110114636469fb2f6928ad5\" data-id=\"counter_110114636469fb2f6928ad5\" class=\"stats-number\" style=\" \" data-speed=\"3\" data-counter-value=\"1000\" data-separator=\"none\" data-decimal=\".\">0<\/div><div class=\"counter_suffix mycust\" style=\" \">+<\/div><div class=\"stats-text\" style=\"\">Clientes<\/div><\/div><\/div>\t\t\t\t<\/div>\n\t\t\t\t<\/div>\n\t\t\t\t\t<\/div>\r\n\t\t\t\t<\/div>\r\n\t\t\t\t<div class=\"elementor-column elementor-col-25 elementor-top-column elementor-element elementor-element-a64cbbd\" data-id=\"a64cbbd\" data-element_type=\"column\">\r\n\t\t\t\t\t<div class=\"elementor-widget-wrap elementor-element-populated\">\r\n\t\t\t\t\t\t\t\t<div class=\"elementor-element elementor-element-8ac3e50 elementor-widget elementor-widget-porto_stat_counter\" data-id=\"8ac3e50\" data-element_type=\"widget\" data-widget_type=\"porto_stat_counter.default\">\n\t\t\t\t<div class=\"elementor-widget-container\">\n\t\t\t\t\t<div class=\"stats-block stats-top\"><div class=\"stats-desc\"><div id=\"counter_94279435269fb2f69291a3\" data-id=\"counter_94279435269fb2f69291a3\" class=\"stats-number\" style=\" \" data-speed=\"3\" data-counter-value=\"5000\" data-separator=\"none\" data-decimal=\".\">0<\/div><div class=\"counter_suffix mycust\" style=\" \">+<\/div><div class=\"stats-text\" style=\"\">Proyectos entregados<\/div><\/div><\/div>\t\t\t\t<\/div>\n\t\t\t\t<\/div>\n\t\t\t\t\t<\/div>\r\n\t\t\t\t<\/div>\r\n\t\t\t\t<div class=\"elementor-column elementor-col-25 elementor-top-column elementor-element elementor-element-6d1fde8\" data-id=\"6d1fde8\" data-element_type=\"column\">\r\n\t\t\t\t\t<div class=\"elementor-widget-wrap elementor-element-populated\">\r\n\t\t\t\t\t\t\t\t<div class=\"elementor-element elementor-element-ee52941 elementor-widget elementor-widget-porto_stat_counter\" data-id=\"ee52941\" data-element_type=\"widget\" data-widget_type=\"porto_stat_counter.default\">\n\t\t\t\t<div class=\"elementor-widget-container\">\n\t\t\t\t\t<div class=\"stats-block stats-top\"><div class=\"stats-desc\"><div id=\"counter_214610250669fb2f692987a\" data-id=\"counter_214610250669fb2f692987a\" class=\"stats-number\" style=\" \" data-speed=\"3\" data-counter-value=\"30\" data-separator=\"none\" data-decimal=\".\">0<\/div><div class=\"counter_suffix mycust\" style=\" \">+<\/div><div class=\"stats-text\" style=\"\">Miembros del equipo<\/div><\/div><\/div>\t\t\t\t<\/div>\n\t\t\t\t<\/div>\n\t\t\t\t\t<\/div>\r\n\t\t\t\t<\/div>\r\n\t\t\t\t\t<\/div>\r\n\t\t\t\t<\/section>\r\n\t\t\t\t<\/div>\n\t\t","protected":false},"excerpt":{"rendered":"<p>Area de Importaciones Importaci\u00f3n Directa Nuestra \u00e1rea de Importaciones facilita el acceso a componentes, dispositivos electr\u00f3nicos y repuestos inform\u00e1ticos que no se encuentran disponibles localmente. A trav\u00e9s de nuestra red de proveedores internacionales, traemos al pa\u00eds productos de las principales marcas del sector TI, asegurando calidad y compatibilidad con las necesidades de nuestros clientes. Servicios [&hellip;]<\/p>\n","protected":false},"author":1,"featured_media":0,"parent":0,"menu_order":0,"comment_status":"closed","ping_status":"closed","template":"","meta":{"_joinchat":[],"footnotes":""},"class_list":["post-2284","page","type-page","status-publish","hentry"],"_links":{"self":[{"href":"https:\/\/www.mundotec.cl\/index.php\/wp-json\/wp\/v2\/pages\/2284","targetHints":{"allow":["GET"]}}],"collection":[{"href":"https:\/\/www.mundotec.cl\/index.php\/wp-json\/wp\/v2\/pages"}],"about":[{"href":"https:\/\/www.mundotec.cl\/index.php\/wp-json\/wp\/v2\/types\/page"}],"author":[{"embeddable":true,"href":"https:\/\/www.mundotec.cl\/index.php\/wp-json\/wp\/v2\/users\/1"}],"replies":[{"embeddable":true,"href":"https:\/\/www.mundotec.cl\/index.php\/wp-json\/wp\/v2\/comments?post=2284"}],"version-history":[{"count":10,"href":"https:\/\/www.mundotec.cl\/index.php\/wp-json\/wp\/v2\/pages\/2284\/revisions"}],"predecessor-version":[{"id":2678,"href":"https:\/\/www.mundotec.cl\/index.php\/wp-json\/wp\/v2\/pages\/2284\/revisions\/2678"}],"wp:attachment":[{"href":"https:\/\/www.mundotec.cl\/index.php\/wp-json\/wp\/v2\/media?parent=2284"}],"curies":[{"name":"wp","href":"https:\/\/api.w.org\/{rel}","templated":true}]}}