{"id":2298,"date":"2025-04-10T16:14:28","date_gmt":"2025-04-10T19:14:28","guid":{"rendered":"https:\/\/new.mundotec.cl\/?page_id=2298"},"modified":"2025-04-22T12:26:32","modified_gmt":"2025-04-22T15:26:32","slug":"quienes-somos","status":"publish","type":"page","link":"https:\/\/www.mundotec.cl\/index.php\/quienes-somos\/","title":{"rendered":"Quienes somos"},"content":{"rendered":"\t\t<div data-elementor-type=\"wp-page\" data-elementor-id=\"2298\" class=\"elementor elementor-2298\">\n\t\t\t\t\t\t<section class=\"elementor-section elementor-top-section elementor-element elementor-element-08ed5e1 elementor-section-boxed elementor-section-height-default elementor-section-height-default\" data-id=\"08ed5e1\" data-element_type=\"section\" data-settings=\"{&quot;background_background&quot;:&quot;classic&quot;}\">\r\n\t\t\r\n\t\t\t\t\t\t\t<div class=\"elementor-container elementor-column-gap-default\">\r\n\t\t\t\t\t\t\t\t\t\t\t<div class=\"elementor-column elementor-col-50 elementor-top-column elementor-element elementor-element-e19eeea w-xl-41 mb-4 mb-lg-0\" data-id=\"e19eeea\" data-element_type=\"column\">\r\n\t\t\t\t\t<div class=\"elementor-widget-wrap elementor-element-populated\">\r\n\t\t\t\t\t\t\t\t<div class=\"elementor-element elementor-element-95140a7 mb-4 pb-3 elementor-invisible elementor-widget elementor-widget-heading\" data-id=\"95140a7\" data-element_type=\"widget\" data-settings=\"{&quot;_animation&quot;:&quot;fadeInUp&quot;,&quot;_animation_delay&quot;:900}\" data-widget_type=\"heading.default\">\n\t\t\t\t<div class=\"elementor-widget-container\">\n\t\t\t\t\t<h2 class=\"elementor-heading-title elementor-size-default\">Nos centramos en aportar valor y resolver desaf\u00edos empresariales mediante la entrega de servicios y soluciones de TI modernas<\/h2>\t\t\t\t<\/div>\n\t\t\t\t<\/div>\n\t\t\t\t<div class=\"elementor-element elementor-element-f9f2972 elementor-invisible elementor-widget elementor-widget-text-editor\" data-id=\"f9f2972\" data-element_type=\"widget\" data-settings=\"{&quot;_animation&quot;:&quot;fadeInUp&quot;,&quot;_animation_delay&quot;:1200}\" data-widget_type=\"text-editor.default\">\n\t\t\t\t<div class=\"elementor-widget-container\">\n\t\t\t\t\t\t\t\t\t<p class=\"mb-4 pb-2\">Mundotec es una empresa que cuenta con m\u00e1s de 18 a\u00f1os de experiencia y dedicaci\u00f3n a la<br \/>comercializaci\u00f3n de productos inform\u00e1ticos y servicios de Data Center para peque\u00f1as, medianas y<br \/>grandes empresas.<\/p><p>Contamos con un equipo altamente calificado y extensa experiencia. Somos Partners certificados de Dell y Microsoft, y contamos con la distribuci\u00f3n oficial de las marcas m\u00e1s importantes del mercado, tales como: Apple, HP, Lenovo, Asus, Cisco, APC, Epson, Brother, entre otras.<\/p><p>Nuestro compromiso es brindar un servicio excepcional y personalizado para cada uno de nuestros clientes, aportando a la creaci\u00f3n de valor con un proceso de acompa\u00f1amiento, que transcurre desde la asesor\u00eda inicial hasta la implementaci\u00f3n de los proyectos.<\/p><p>Te invitamos a avanzar junto a nosotros y contar con nuestra\u00a0colaboraci\u00f3n.<\/p>\t\t\t\t\t\t\t\t<\/div>\n\t\t\t\t<\/div>\n\t\t\t\t\t<\/div>\r\n\t\t\t\t<\/div>\r\n\t\t\t\t<div class=\"elementor-column elementor-col-50 elementor-top-column elementor-element elementor-element-c20da65 ms-xl-auto\" data-id=\"c20da65\" data-element_type=\"column\">\r\n\t\t\t\t\t<div class=\"elementor-widget-wrap elementor-element-populated\">\r\n\t\t\t\t\t\t\t\t<div class=\"elementor-element elementor-element-f54ed1e elementor-invisible elementor-widget elementor-widget-image\" data-id=\"f54ed1e\" data-element_type=\"widget\" data-settings=\"{&quot;_animation&quot;:&quot;fadeInLeft&quot;,&quot;_animation_delay&quot;:1500}\" data-widget_type=\"image.default\">\n\t\t\t\t<div class=\"elementor-widget-container\">\n\t\t\t\t\t\t\t\t\t\t\t\t\t\t\t<img fetchpriority=\"high\" decoding=\"async\" width=\"600\" height=\"420\" src=\"https:\/\/www.mundotec.cl\/wp-content\/uploads\/2025\/04\/it-generic-6.jpg\" class=\"attachment-full size-full wp-image-2301\" alt=\"\" srcset=\"https:\/\/www.mundotec.cl\/wp-content\/uploads\/2025\/04\/it-generic-6.jpg 600w, https:\/\/www.mundotec.cl\/wp-content\/uploads\/2025\/04\/it-generic-6-400x280.jpg 400w\" sizes=\"(max-width: 600px) 100vw, 600px\" \/>\t\t\t\t\t\t\t\t\t\t\t\t\t\t\t<\/div>\n\t\t\t\t<\/div>\n\t\t\t\t\t<\/div>\r\n\t\t\t\t<\/div>\r\n\t\t\t\t\t<\/div>\r\n\t\t\t\t<\/section>\r\n\t\t\t\t<section class=\"elementor-section elementor-top-section elementor-element elementor-element-14c12d6 m-t-n-xs elementor-section-boxed elementor-section-height-default elementor-section-height-default\" data-id=\"14c12d6\" data-element_type=\"section\">\r\n\t\t\r\n\t\t\t\t\t\t\t<div class=\"elementor-container elementor-column-gap-default\">\r\n\t\t\t\t\t\t\t\t\t\t\t<div class=\"elementor-column elementor-col-100 elementor-top-column elementor-element elementor-element-b76858e\" data-id=\"b76858e\" data-element_type=\"column\">\r\n\t\t\t\t\t<div class=\"elementor-widget-wrap elementor-element-populated\">\r\n\t\t\t\t\t\t\t\t<div class=\"elementor-element elementor-element-dc4dcaf my-5 elementor-widget-divider--view-line elementor-widget elementor-widget-divider\" data-id=\"dc4dcaf\" data-element_type=\"widget\" data-widget_type=\"divider.default\">\n\t\t\t\t<div class=\"elementor-widget-container\">\n\t\t\t\t\t\t\t<div class=\"elementor-divider\">\n\t\t\t<span class=\"elementor-divider-separator\">\n\t\t\t\t\t\t<\/span>\n\t\t<\/div>\n\t\t\t\t\t\t<\/div>\n\t\t\t\t<\/div>\n\t\t\t\t<div class=\"elementor-element elementor-element-206d33f m-t-xl mb-1 elementor-invisible elementor-widget elementor-widget-heading\" data-id=\"206d33f\" data-element_type=\"widget\" data-settings=\"{&quot;_animation&quot;:&quot;fadeInUp&quot;,&quot;_animation_delay&quot;:200}\" data-widget_type=\"heading.default\">\n\t\t\t\t<div class=\"elementor-widget-container\">\n\t\t\t\t\t<p class=\"elementor-heading-title elementor-size-default\">\u00bfQUI\u00c9NES EST\u00c1N CON NOSOTROS?\n<\/p>\t\t\t\t<\/div>\n\t\t\t\t<\/div>\n\t\t\t\t<div class=\"elementor-element elementor-element-7975190 mb-5 elementor-invisible elementor-widget elementor-widget-heading\" data-id=\"7975190\" data-element_type=\"widget\" data-settings=\"{&quot;_animation&quot;:&quot;fadeInUp&quot;,&quot;_animation_delay&quot;:400}\" data-widget_type=\"heading.default\">\n\t\t\t\t<div class=\"elementor-widget-container\">\n\t\t\t\t\t<h2 class=\"elementor-heading-title elementor-size-default\">Nuestros incre\u00edbles clientes y partner<\/h2>\t\t\t\t<\/div>\n\t\t\t\t<\/div>\n\t\t\t\t<div class=\"elementor-element elementor-element-03087cf gallery-spacing-custom brand-gallery mb-5 animated-slow elementor-invisible elementor-widget elementor-widget-image-gallery\" data-id=\"03087cf\" data-element_type=\"widget\" data-settings=\"{&quot;_animation&quot;:&quot;zoomIn&quot;,&quot;_animation_delay&quot;:700}\" data-widget_type=\"image-gallery.default\">\n\t\t\t\t<div class=\"elementor-widget-container\">\n\t\t\t\t\t\t\t<div class=\"elementor-image-gallery\">\n\t\t\t<div id='gallery-1' class='gallery galleryid-2298 gallery-columns-6 gallery-size-full'><figure class='gallery-item'>\n\t\t\t<div class='gallery-icon landscape'>\n\t\t\t\t<img decoding=\"async\" width=\"203\" height=\"123\" src=\"https:\/\/www.mundotec.cl\/wp-content\/uploads\/2024\/04\/1699963749dell_thumb.jpg\" class=\"attachment-full size-full\" alt=\"\" \/>\n\t\t\t<\/div><\/figure><figure class='gallery-item'>\n\t\t\t<div class='gallery-icon landscape'>\n\t\t\t\t<img decoding=\"async\" width=\"208\" height=\"127\" src=\"https:\/\/www.mundotec.cl\/wp-content\/uploads\/2024\/04\/1617624692amsung_thumb.jpg\" class=\"attachment-full size-full\" alt=\"\" \/>\n\t\t\t<\/div><\/figure><figure class='gallery-item'>\n\t\t\t<div class='gallery-icon landscape'>\n\t\t\t\t<img loading=\"lazy\" decoding=\"async\" width=\"174\" height=\"106\" src=\"https:\/\/www.mundotec.cl\/wp-content\/uploads\/2024\/04\/1477620203xerox_thumb.jpg\" class=\"attachment-full size-full\" alt=\"\" \/>\n\t\t\t<\/div><\/figure><figure class='gallery-item'>\n\t\t\t<div class='gallery-icon landscape'>\n\t\t\t\t<img loading=\"lazy\" decoding=\"async\" width=\"164\" height=\"100\" src=\"https:\/\/www.mundotec.cl\/wp-content\/uploads\/2024\/04\/1175883261canon_thumb.jpg\" class=\"attachment-full size-full\" alt=\"\" \/>\n\t\t\t<\/div><\/figure><figure class='gallery-item'>\n\t\t\t<div class='gallery-icon landscape'>\n\t\t\t\t<img loading=\"lazy\" decoding=\"async\" width=\"164\" height=\"100\" src=\"https:\/\/www.mundotec.cl\/wp-content\/uploads\/2024\/04\/1183944395kasperski_thumb.jpg\" class=\"attachment-full size-full\" alt=\"\" \/>\n\t\t\t<\/div><\/figure><figure class='gallery-item'>\n\t\t\t<div class='gallery-icon landscape'>\n\t\t\t\t<img loading=\"lazy\" decoding=\"async\" width=\"157\" height=\"96\" src=\"https:\/\/www.mundotec.cl\/wp-content\/uploads\/2024\/04\/1126411701fortinet_thumb.jpg\" class=\"attachment-full size-full\" alt=\"\" \/>\n\t\t\t<\/div><\/figure><figure class='gallery-item'>\n\t\t\t<div class='gallery-icon landscape'>\n\t\t\t\t<img loading=\"lazy\" decoding=\"async\" width=\"172\" height=\"105\" src=\"https:\/\/www.mundotec.cl\/wp-content\/uploads\/2024\/04\/1081190267linksis_thumb.jpg\" class=\"attachment-full size-full\" alt=\"\" \/>\n\t\t\t<\/div><\/figure><figure class='gallery-item'>\n\t\t\t<div class='gallery-icon landscape'>\n\t\t\t\t<img loading=\"lazy\" decoding=\"async\" width=\"197\" height=\"120\" src=\"https:\/\/www.mundotec.cl\/wp-content\/uploads\/2024\/04\/1783347493asus_thumb.jpg\" class=\"attachment-full size-full\" alt=\"\" \/>\n\t\t\t<\/div><\/figure><figure class='gallery-item'>\n\t\t\t<div class='gallery-icon landscape'>\n\t\t\t\t<img loading=\"lazy\" decoding=\"async\" width=\"204\" height=\"124\" src=\"https:\/\/www.mundotec.cl\/wp-content\/uploads\/2024\/04\/1079673643lenovo_thumb.jpg\" class=\"attachment-full size-full\" alt=\"\" \/>\n\t\t\t<\/div><\/figure><figure class='gallery-item'>\n\t\t\t<div class='gallery-icon landscape'>\n\t\t\t\t<img loading=\"lazy\" decoding=\"async\" width=\"160\" height=\"98\" src=\"https:\/\/www.mundotec.cl\/wp-content\/uploads\/2024\/04\/1813165368vmware_thumb-1.jpg\" class=\"attachment-full size-full\" alt=\"\" \/>\n\t\t\t<\/div><\/figure><figure class='gallery-item'>\n\t\t\t<div class='gallery-icon landscape'>\n\t\t\t\t<img loading=\"lazy\" decoding=\"async\" width=\"2006\" height=\"1221\" src=\"https:\/\/www.mundotec.cl\/wp-content\/uploads\/2024\/04\/1819765206logo_thumb.jpg\" class=\"attachment-full size-full\" alt=\"\" srcset=\"https:\/\/www.mundotec.cl\/wp-content\/uploads\/2024\/04\/1819765206logo_thumb.jpg 2006w, https:\/\/www.mundotec.cl\/wp-content\/uploads\/2024\/04\/1819765206logo_thumb-600x365.jpg 600w, https:\/\/www.mundotec.cl\/wp-content\/uploads\/2024\/04\/1819765206logo_thumb-1024x623.jpg 1024w, https:\/\/www.mundotec.cl\/wp-content\/uploads\/2024\/04\/1819765206logo_thumb-768x467.jpg 768w, https:\/\/www.mundotec.cl\/wp-content\/uploads\/2024\/04\/1819765206logo_thumb-1536x935.jpg 1536w, https:\/\/www.mundotec.cl\/wp-content\/uploads\/2024\/04\/1819765206logo_thumb-640x390.jpg 640w, https:\/\/www.mundotec.cl\/wp-content\/uploads\/2024\/04\/1819765206logo_thumb-400x243.jpg 400w\" sizes=\"(max-width: 2006px) 100vw, 2006px\" \/>\n\t\t\t<\/div><\/figure><figure class='gallery-item'>\n\t\t\t<div class='gallery-icon landscape'>\n\t\t\t\t<img loading=\"lazy\" decoding=\"async\" width=\"187\" height=\"114\" src=\"https:\/\/www.mundotec.cl\/wp-content\/uploads\/2024\/04\/1956890684dlink_thumb.jpg\" class=\"attachment-full size-full\" alt=\"\" \/>\n\t\t\t<\/div><\/figure>\n\t\t<\/div>\n\t\t<\/div>\n\t\t\t\t\t\t<\/div>\n\t\t\t\t<\/div>\n\t\t\t\t\t<\/div>\r\n\t\t\t\t<\/div>\r\n\t\t\t\t\t<\/div>\r\n\t\t\t\t<\/section>\r\n\t\t\t\t<section class=\"elementor-section elementor-top-section elementor-element elementor-element-9d04979 background-color-dark elementor-section-boxed elementor-section-height-default elementor-section-height-default\" data-id=\"9d04979\" data-element_type=\"section\">\r\n\t\t\r\n\t\t\t\t\t\t\t<div class=\"elementor-container elementor-column-gap-default\">\r\n\t\t\t\t\t\t\t\t\t\t\t<div class=\"elementor-column elementor-col-25 elementor-top-column elementor-element elementor-element-72297e7\" data-id=\"72297e7\" data-element_type=\"column\">\r\n\t\t\t\t\t<div class=\"elementor-widget-wrap elementor-element-populated\">\r\n\t\t\t\t\t\t\t\t<div class=\"elementor-element elementor-element-e46c5cd elementor-widget elementor-widget-porto_stat_counter\" data-id=\"e46c5cd\" data-element_type=\"widget\" data-widget_type=\"porto_stat_counter.default\">\n\t\t\t\t<div class=\"elementor-widget-container\">\n\t\t\t\t\t<div class=\"stats-block stats-top\"><div class=\"stats-desc\"><div id=\"counter_187738974569e009bfdffbb\" data-id=\"counter_187738974569e009bfdffbb\" class=\"stats-number\" style=\" \" data-speed=\"3\" data-counter-value=\"18\" data-separator=\"none\" data-decimal=\".\">0<\/div><div class=\"counter_suffix mycust\" style=\" \">+<\/div><div class=\"stats-text\" style=\"\">A\u00f1os de negocio<\/div><\/div><\/div>\t\t\t\t<\/div>\n\t\t\t\t<\/div>\n\t\t\t\t\t<\/div>\r\n\t\t\t\t<\/div>\r\n\t\t\t\t<div class=\"elementor-column elementor-col-25 elementor-top-column elementor-element elementor-element-25f2d39\" data-id=\"25f2d39\" data-element_type=\"column\">\r\n\t\t\t\t\t<div class=\"elementor-widget-wrap elementor-element-populated\">\r\n\t\t\t\t\t\t\t\t<div class=\"elementor-element elementor-element-c936df7 elementor-widget elementor-widget-porto_stat_counter\" data-id=\"c936df7\" data-element_type=\"widget\" data-widget_type=\"porto_stat_counter.default\">\n\t\t\t\t<div class=\"elementor-widget-container\">\n\t\t\t\t\t<div class=\"stats-block stats-top\"><div class=\"stats-desc\"><div id=\"counter_182128756169e009bfe0752\" data-id=\"counter_182128756169e009bfe0752\" class=\"stats-number\" style=\" \" data-speed=\"3\" data-counter-value=\"1000\" data-separator=\"none\" data-decimal=\".\">0<\/div><div class=\"counter_suffix mycust\" style=\" \">+<\/div><div class=\"stats-text\" style=\"\">Clientes<\/div><\/div><\/div>\t\t\t\t<\/div>\n\t\t\t\t<\/div>\n\t\t\t\t\t<\/div>\r\n\t\t\t\t<\/div>\r\n\t\t\t\t<div class=\"elementor-column elementor-col-25 elementor-top-column elementor-element elementor-element-7bdb9a5\" data-id=\"7bdb9a5\" data-element_type=\"column\">\r\n\t\t\t\t\t<div class=\"elementor-widget-wrap elementor-element-populated\">\r\n\t\t\t\t\t\t\t\t<div class=\"elementor-element elementor-element-e00b2c3 elementor-widget elementor-widget-porto_stat_counter\" data-id=\"e00b2c3\" data-element_type=\"widget\" data-widget_type=\"porto_stat_counter.default\">\n\t\t\t\t<div class=\"elementor-widget-container\">\n\t\t\t\t\t<div class=\"stats-block stats-top\"><div class=\"stats-desc\"><div id=\"counter_20744153969e009bfe0e86\" data-id=\"counter_20744153969e009bfe0e86\" class=\"stats-number\" style=\" \" data-speed=\"3\" data-counter-value=\"5000\" data-separator=\"none\" data-decimal=\".\">0<\/div><div class=\"counter_suffix mycust\" style=\" \">+<\/div><div class=\"stats-text\" style=\"\">Proyectos entregados<\/div><\/div><\/div>\t\t\t\t<\/div>\n\t\t\t\t<\/div>\n\t\t\t\t\t<\/div>\r\n\t\t\t\t<\/div>\r\n\t\t\t\t<div class=\"elementor-column elementor-col-25 elementor-top-column elementor-element elementor-element-b688b5d\" data-id=\"b688b5d\" data-element_type=\"column\">\r\n\t\t\t\t\t<div class=\"elementor-widget-wrap elementor-element-populated\">\r\n\t\t\t\t\t\t\t\t<div class=\"elementor-element elementor-element-38cca00 elementor-widget elementor-widget-porto_stat_counter\" data-id=\"38cca00\" data-element_type=\"widget\" data-widget_type=\"porto_stat_counter.default\">\n\t\t\t\t<div class=\"elementor-widget-container\">\n\t\t\t\t\t<div class=\"stats-block stats-top\"><div class=\"stats-desc\"><div id=\"counter_161307592769e009bfe1559\" data-id=\"counter_161307592769e009bfe1559\" class=\"stats-number\" style=\" \" data-speed=\"3\" data-counter-value=\"30\" data-separator=\"none\" data-decimal=\".\">0<\/div><div class=\"counter_suffix mycust\" style=\" \">+<\/div><div class=\"stats-text\" style=\"\">Miembros del equipo<\/div><\/div><\/div>\t\t\t\t<\/div>\n\t\t\t\t<\/div>\n\t\t\t\t\t<\/div>\r\n\t\t\t\t<\/div>\r\n\t\t\t\t\t<\/div>\r\n\t\t\t\t<\/section>\r\n\t\t\t\t<\/div>\n\t\t","protected":false},"excerpt":{"rendered":"<p>Nos centramos en aportar valor y resolver desaf\u00edos empresariales mediante la entrega de servicios y soluciones de TI modernas Mundotec es una empresa que cuenta con m\u00e1s de 18 a\u00f1os de experiencia y dedicaci\u00f3n a lacomercializaci\u00f3n de productos inform\u00e1ticos y servicios de Data Center para peque\u00f1as, medianas ygrandes empresas. Contamos con un equipo altamente calificado [&hellip;]<\/p>\n","protected":false},"author":1,"featured_media":0,"parent":0,"menu_order":0,"comment_status":"closed","ping_status":"closed","template":"","meta":{"_joinchat":[],"footnotes":""},"class_list":["post-2298","page","type-page","status-publish","hentry"],"_links":{"self":[{"href":"https:\/\/www.mundotec.cl\/index.php\/wp-json\/wp\/v2\/pages\/2298","targetHints":{"allow":["GET"]}}],"collection":[{"href":"https:\/\/www.mundotec.cl\/index.php\/wp-json\/wp\/v2\/pages"}],"about":[{"href":"https:\/\/www.mundotec.cl\/index.php\/wp-json\/wp\/v2\/types\/page"}],"author":[{"embeddable":true,"href":"https:\/\/www.mundotec.cl\/index.php\/wp-json\/wp\/v2\/users\/1"}],"replies":[{"embeddable":true,"href":"https:\/\/www.mundotec.cl\/index.php\/wp-json\/wp\/v2\/comments?post=2298"}],"version-history":[{"count":25,"href":"https:\/\/www.mundotec.cl\/index.php\/wp-json\/wp\/v2\/pages\/2298\/revisions"}],"predecessor-version":[{"id":2757,"href":"https:\/\/www.mundotec.cl\/index.php\/wp-json\/wp\/v2\/pages\/2298\/revisions\/2757"}],"wp:attachment":[{"href":"https:\/\/www.mundotec.cl\/index.php\/wp-json\/wp\/v2\/media?parent=2298"}],"curies":[{"name":"wp","href":"https:\/\/api.w.org\/{rel}","templated":true}]}}