{"id":2721,"date":"2025-04-20T18:48:16","date_gmt":"2025-04-20T21:48:16","guid":{"rendered":"https:\/\/new.mundotec.cl\/?page_id=2721"},"modified":"2025-04-22T13:43:49","modified_gmt":"2025-04-22T16:43:49","slug":"datacenter","status":"publish","type":"page","link":"https:\/\/www.mundotec.cl\/index.php\/datacenter\/","title":{"rendered":"Datacenter"},"content":{"rendered":"\t\t<div data-elementor-type=\"wp-page\" data-elementor-id=\"2721\" class=\"elementor elementor-2721\">\n\t\t\t\t\t\t<div class=\"elementor-section elementor-top-section elementor-element elementor-element-0e056e9 p-t-xxl elementor-section-boxed elementor-section-height-default elementor-section-height-default\" data-id=\"0e056e9\" data-element_type=\"section\" data-settings=\"{&quot;background_background&quot;:&quot;classic&quot;}\">\r\n\t\t\r\n\t\t\t\t\t\t\t<div class=\"elementor-container elementor-column-gap-default\">\r\n\t\t\t\t\t\t\t\t\t\t\t<div class=\"elementor-column elementor-col-100 elementor-top-column elementor-element elementor-element-bec5a30\" data-id=\"bec5a30\" data-element_type=\"column\">\r\n\t\t\t\t\t<div class=\"elementor-widget-wrap elementor-element-populated\">\r\n\t\t\t\t\t\t\t\t<div class=\"elementor-section elementor-inner-section elementor-element elementor-element-5454adc elementor-section-content-middle p-b-xxl pt-4 elementor-section-boxed elementor-section-height-default elementor-section-height-default\" data-id=\"5454adc\" data-element_type=\"section\">\r\n\t\t\r\n\t\t\t\t\t\t\t<div class=\"elementor-container elementor-column-gap-default\">\r\n\t\t\t\t\t\t\t\t\t\t\t<div class=\"elementor-column elementor-col-50 elementor-inner-column elementor-element elementor-element-299f538 m-b-xs\" data-id=\"299f538\" data-element_type=\"column\">\r\n\t\t\t\t\t<div class=\"elementor-widget-wrap elementor-element-populated\">\r\n\t\t\t\t\t\t\t\t<div class=\"elementor-element elementor-element-060c92f mb-0 elementor-invisible elementor-widget elementor-widget-heading\" data-id=\"060c92f\" data-element_type=\"widget\" data-settings=\"{&quot;_animation&quot;:&quot;fadeIn&quot;,&quot;_animation_delay&quot;:100}\" data-widget_type=\"heading.default\">\n\t\t\t\t<div class=\"elementor-widget-container\">\n\t\t\t\t\t<h2 class=\"elementor-heading-title elementor-size-default\">Nuestro Datacenter<\/h2>\t\t\t\t<\/div>\n\t\t\t\t<\/div>\n\t\t\t\t<div class=\"elementor-element elementor-element-46b690d elementor-invisible elementor-widget elementor-widget-porto_ultimate_heading\" data-id=\"46b690d\" data-element_type=\"widget\" data-settings=\"{&quot;_animation&quot;:&quot;fadeIn&quot;,&quot;_animation_delay&quot;:250}\" data-widget_type=\"porto_ultimate_heading.default\">\n\t\t\t\t<div class=\"elementor-widget-container\">\n\t\t\t\t\t<div class=\"porto-u-heading  porto-u-50fd703e6afac6fded863bbd6c29d1c5\"><div class=\"porto-u-main-heading\"><h2    style=\"margin-bottom: 1.5rem;\">Hace m\u00e1s de 9 a\u00f1os contamos con un Datacenter propio<\/h2><\/div><div class=\"porto-u-sub-heading\" style=\"\"><p>MTDC, que no solo proporciona infraestructura Cloud de alto rendimiento, sino tambi\u00e9n un equipo de expertos que brinda asesoramiento y soporte en cada requerimiento de TI. Adaptamos nuestros niveles de servicio a las necesidades de su negocio, ofreciendo planes flexibles y escalables en tecnolog\u00eda de clase mundial.<\/p><\/div><style>.porto-u-50fd703e6afac6fded863bbd6c29d1c5.porto-u-heading{text-align:inherit}<\/style><\/div>\t\t\t\t<\/div>\n\t\t\t\t<\/div>\n\t\t\t\t\t<\/div>\r\n\t\t\t\t<\/div>\r\n\t\t\t\t<div class=\"elementor-column elementor-col-50 elementor-inner-column elementor-element elementor-element-48737e1 m-b-xs\" data-id=\"48737e1\" data-element_type=\"column\">\r\n\t\t\t\t\t<div class=\"elementor-widget-wrap elementor-element-populated\">\r\n\t\t\t\t\t\t\t\t<div class=\"elementor-element elementor-element-59efb0a elementor-align-left ml-3 m-t-sm p-t-md custom-icon-list elementor-icon-list--layout-traditional elementor-list-item-link-full_width elementor-invisible elementor-widget elementor-widget-icon-list\" data-id=\"59efb0a\" data-element_type=\"widget\" data-settings=\"{&quot;_animation&quot;:&quot;fadeIn&quot;,&quot;_animation_delay&quot;:100}\" data-widget_type=\"icon-list.default\">\n\t\t\t\t<div class=\"elementor-widget-container\">\n\t\t\t\t\t\t\t<ul class=\"elementor-icon-list-items\">\n\t\t\t\t\t\t\t<li class=\"elementor-icon-list-item\">\n\t\t\t\t\t\t\t\t\t\t\t<span class=\"elementor-icon-list-icon\">\n\t\t\t\t\t\t\t<svg aria-hidden=\"true\" class=\"e-font-icon-svg e-fas-check\" viewBox=\"0 0 512 512\" xmlns=\"http:\/\/www.w3.org\/2000\/svg\"><path d=\"M173.898 439.404l-166.4-166.4c-9.997-9.997-9.997-26.206 0-36.204l36.203-36.204c9.997-9.998 26.207-9.998 36.204 0L192 312.69 432.095 72.596c9.997-9.997 26.207-9.997 36.204 0l36.203 36.204c9.997 9.997 9.997 26.206 0 36.204l-294.4 294.401c-9.998 9.997-26.207 9.997-36.204-.001z\"><\/path><\/svg>\t\t\t\t\t\t<\/span>\n\t\t\t\t\t\t\t\t\t\t<span class=\"elementor-icon-list-text\">Conectividad Redundante +20GB Nacional e Internacional.<\/span>\n\t\t\t\t\t\t\t\t\t<\/li>\n\t\t\t\t\t\t\t\t<li class=\"elementor-icon-list-item\">\n\t\t\t\t\t\t\t\t\t\t\t<span class=\"elementor-icon-list-icon\">\n\t\t\t\t\t\t\t<svg aria-hidden=\"true\" class=\"e-font-icon-svg e-fas-check\" viewBox=\"0 0 512 512\" xmlns=\"http:\/\/www.w3.org\/2000\/svg\"><path d=\"M173.898 439.404l-166.4-166.4c-9.997-9.997-9.997-26.206 0-36.204l36.203-36.204c9.997-9.998 26.207-9.998 36.204 0L192 312.69 432.095 72.596c9.997-9.997 26.207-9.997 36.204 0l36.203 36.204c9.997 9.997 9.997 26.206 0 36.204l-294.4 294.401c-9.998 9.997-26.207 9.997-36.204-.001z\"><\/path><\/svg>\t\t\t\t\t\t<\/span>\n\t\t\t\t\t\t\t\t\t\t<span class=\"elementor-icon-list-text\">Servidores \u00faltima generaci\u00f3n, para infraestructuras Sap, Softland o cualquier otro ERP o aplicaci\u00f3n para Virtualizar bajo VMWare.<\/span>\n\t\t\t\t\t\t\t\t\t<\/li>\n\t\t\t\t\t\t\t\t<li class=\"elementor-icon-list-item\">\n\t\t\t\t\t\t\t\t\t\t\t<span class=\"elementor-icon-list-icon\">\n\t\t\t\t\t\t\t<svg aria-hidden=\"true\" class=\"e-font-icon-svg e-fas-check\" viewBox=\"0 0 512 512\" xmlns=\"http:\/\/www.w3.org\/2000\/svg\"><path d=\"M173.898 439.404l-166.4-166.4c-9.997-9.997-9.997-26.206 0-36.204l36.203-36.204c9.997-9.998 26.207-9.998 36.204 0L192 312.69 432.095 72.596c9.997-9.997 26.207-9.997 36.204 0l36.203 36.204c9.997 9.997 9.997 26.206 0 36.204l-294.4 294.401c-9.998 9.997-26.207 9.997-36.204-.001z\"><\/path><\/svg>\t\t\t\t\t\t<\/span>\n\t\t\t\t\t\t\t\t\t\t<span class=\"elementor-icon-list-text\">Infraestructura El\u00e9ctrica, Seguridad, Datos, Procesamiento, redundante N+1<\/span>\n\t\t\t\t\t\t\t\t\t<\/li>\n\t\t\t\t\t\t\t\t<li class=\"elementor-icon-list-item\">\n\t\t\t\t\t\t\t\t\t\t\t<span class=\"elementor-icon-list-icon\">\n\t\t\t\t\t\t\t<svg aria-hidden=\"true\" class=\"e-font-icon-svg e-fas-check\" viewBox=\"0 0 512 512\" xmlns=\"http:\/\/www.w3.org\/2000\/svg\"><path d=\"M173.898 439.404l-166.4-166.4c-9.997-9.997-9.997-26.206 0-36.204l36.203-36.204c9.997-9.998 26.207-9.998 36.204 0L192 312.69 432.095 72.596c9.997-9.997 26.207-9.997 36.204 0l36.203 36.204c9.997 9.997 9.997 26.206 0 36.204l-294.4 294.401c-9.998 9.997-26.207 9.997-36.204-.001z\"><\/path><\/svg>\t\t\t\t\t\t<\/span>\n\t\t\t\t\t\t\t\t\t\t<span class=\"elementor-icon-list-text\">2do Site para Respaldo de la Informaci\u00f3n.<\/span>\n\t\t\t\t\t\t\t\t\t<\/li>\n\t\t\t\t\t\t<\/ul>\n\t\t\t\t\t\t<\/div>\n\t\t\t\t<\/div>\n\t\t\t\t\t<\/div>\r\n\t\t\t\t<\/div>\r\n\t\t\t\t\t<\/div>\r\n\t\t\t\t<\/div>\r\n\t\t\t\t\t<\/div>\r\n\t\t\t\t<\/div>\r\n\t\t\t\t\t<\/div>\r\n\t\t\t\t<\/div>\r\n\t\t\t\t<div class=\"porto-full-no-gap elementor-section elementor-top-section elementor-element elementor-element-d94f112 elementor-section-full_width parallax-banner elementor-section-height-default elementor-section-height-default\" data-id=\"d94f112\" data-element_type=\"section\" data-settings=\"{&quot;background_background&quot;:&quot;classic&quot;}\">\r\n\t\t\r\n\t\t\t\t\t\t\t<div class=\"elementor-container elementor-column-gap-no\">\r\n\t\t\t\t\t\t\t\t\t\t\t<div class=\"elementor-column elementor-col-50 elementor-top-column elementor-element elementor-element-8beafaf\" data-id=\"8beafaf\" data-element_type=\"column\">\r\n\t\t\t\t\t<div class=\"elementor-widget-wrap elementor-element-populated\">\r\n\t\t\t\t\t\t\t\t<div data-plugin-parallax=\"\" data-plugin-options=\"{&quot;speed&quot;: 1.5}\" class=\"elementor-section elementor-inner-section elementor-element elementor-element-13d2a8d elementor-section-boxed elementor-section-height-default elementor-section-height-default\" data-id=\"13d2a8d\" data-element_type=\"section\" data-settings=\"{&quot;background_background&quot;:&quot;classic&quot;}\">\r\n\t\t\r\n\t\t\t\t\t\t\t<div class=\"elementor-container elementor-column-gap-default\">\r\n\t\t\t\t\t\t\t\t\t\t\t<div class=\"elementor-column elementor-col-100 elementor-inner-column elementor-element elementor-element-aa0103d\" data-id=\"aa0103d\" data-element_type=\"column\">\r\n\t\t\t\t\t<div class=\"elementor-widget-wrap\">\r\n\t\t\t\t\t\t\t\t\t<\/div>\r\n\t\t\t\t<\/div>\r\n\t\t\t\t\t<\/div>\r\n\t\t\t\t<\/div>\r\n\t\t\t\t\t<\/div>\r\n\t\t\t\t<\/div>\r\n\t\t\t\t<div class=\"elementor-column elementor-col-50 elementor-top-column elementor-element elementor-element-19b6a49\" data-id=\"19b6a49\" data-element_type=\"column\" data-settings=\"{&quot;background_background&quot;:&quot;classic&quot;}\">\r\n\t\t\t\t\t<div class=\"col-half-section col-fullwidth-md elementor-widget-wrap elementor-element-populated\">\r\n\t\t\t\t\t\t\t\t<div class=\"elementor-element elementor-element-a63fd65 ml-lg-5 elementor-widget__width-initial elementor-widget elementor-widget-porto_ultimate_heading\" data-id=\"a63fd65\" data-element_type=\"widget\" data-widget_type=\"porto_ultimate_heading.default\">\n\t\t\t\t<div class=\"elementor-widget-container\">\n\t\t\t\t\t<div class=\"porto-u-heading  porto-u-ad87e2eaf3f9c495180fe0156ddf3eb0\"><div class=\"porto-u-main-heading\"><h3    style=\"margin-bottom: 16px;\">Contamos con las siguientes caracter\u00edsticas:<\/h3><\/div><div class=\"porto-u-sub-heading\" style=\"\"><ul><li>M\u00e1quinas Virtuales para Hosting Dedicados.<\/li><li>M\u00e1quinas Virtuales para ERP (Sap, Softland, Etc)<\/li><li>M\u00e1quinas Virtuales para servicios sobre S.O. Windows, Linux, etc.<\/li><li>M\u00e1quinas Virtuales para Estudiantes.<\/li><li>Servicios de Housing.<\/li><li>Servicios de Respaldo y Replicaci\u00f3n Cloud.<\/li><li>Operativa para\u00a0su\u00a0empresa.<\/li><\/ul><\/div><style>.porto-u-ad87e2eaf3f9c495180fe0156ddf3eb0.porto-u-heading{text-align:left}<\/style><\/div>\t\t\t\t<\/div>\n\t\t\t\t<\/div>\n\t\t\t\t\t<\/div>\r\n\t\t\t\t<\/div>\r\n\t\t\t\t\t<\/div>\r\n\t\t\t\t<\/div>\r\n\t\t\t\t<section class=\"elementor-section elementor-top-section elementor-element elementor-element-90d41ab m-t-n-xs elementor-section-boxed elementor-section-height-default elementor-section-height-default\" data-id=\"90d41ab\" data-element_type=\"section\">\r\n\t\t\r\n\t\t\t\t\t\t\t<div class=\"elementor-container elementor-column-gap-default\">\r\n\t\t\t\t\t\t\t\t\t\t\t<div class=\"elementor-column elementor-col-100 elementor-top-column elementor-element elementor-element-29a20ae\" data-id=\"29a20ae\" data-element_type=\"column\">\r\n\t\t\t\t\t<div class=\"elementor-widget-wrap elementor-element-populated\">\r\n\t\t\t\t\t\t\t\t<div class=\"elementor-element elementor-element-471a2bc my-5 elementor-widget-divider--view-line elementor-widget elementor-widget-divider\" data-id=\"471a2bc\" data-element_type=\"widget\" data-widget_type=\"divider.default\">\n\t\t\t\t<div class=\"elementor-widget-container\">\n\t\t\t\t\t\t\t<div class=\"elementor-divider\">\n\t\t\t<span class=\"elementor-divider-separator\">\n\t\t\t\t\t\t<\/span>\n\t\t<\/div>\n\t\t\t\t\t\t<\/div>\n\t\t\t\t<\/div>\n\t\t\t\t<div class=\"elementor-element elementor-element-b615f9b m-t-xl mb-1 elementor-invisible elementor-widget elementor-widget-heading\" data-id=\"b615f9b\" data-element_type=\"widget\" data-settings=\"{&quot;_animation&quot;:&quot;fadeInUp&quot;,&quot;_animation_delay&quot;:200}\" data-widget_type=\"heading.default\">\n\t\t\t\t<div class=\"elementor-widget-container\">\n\t\t\t\t\t<p class=\"elementor-heading-title elementor-size-default\">\u00bfQUI\u00c9NES EST\u00c1N CON NOSOTROS?\n<\/p>\t\t\t\t<\/div>\n\t\t\t\t<\/div>\n\t\t\t\t<div class=\"elementor-element elementor-element-4485f36 mb-5 elementor-invisible elementor-widget elementor-widget-heading\" data-id=\"4485f36\" data-element_type=\"widget\" data-settings=\"{&quot;_animation&quot;:&quot;fadeInUp&quot;,&quot;_animation_delay&quot;:400}\" data-widget_type=\"heading.default\">\n\t\t\t\t<div class=\"elementor-widget-container\">\n\t\t\t\t\t<h2 class=\"elementor-heading-title elementor-size-default\">Nuestros incre\u00edbles clientes y partner<\/h2>\t\t\t\t<\/div>\n\t\t\t\t<\/div>\n\t\t\t\t<div class=\"elementor-element elementor-element-5fa81b5 gallery-spacing-custom brand-gallery mb-5 animated-slow elementor-invisible elementor-widget elementor-widget-image-gallery\" data-id=\"5fa81b5\" data-element_type=\"widget\" data-settings=\"{&quot;_animation&quot;:&quot;zoomIn&quot;,&quot;_animation_delay&quot;:700}\" data-widget_type=\"image-gallery.default\">\n\t\t\t\t<div class=\"elementor-widget-container\">\n\t\t\t\t\t\t\t<div class=\"elementor-image-gallery\">\n\t\t\t<div id='gallery-1' class='gallery galleryid-2721 gallery-columns-6 gallery-size-full'><figure class='gallery-item'>\n\t\t\t<div class='gallery-icon landscape'>\n\t\t\t\t<img decoding=\"async\" width=\"203\" height=\"123\" src=\"https:\/\/www.mundotec.cl\/wp-content\/uploads\/2024\/04\/1699963749dell_thumb.jpg\" class=\"attachment-full size-full\" alt=\"\" \/>\n\t\t\t<\/div><\/figure><figure class='gallery-item'>\n\t\t\t<div class='gallery-icon landscape'>\n\t\t\t\t<img decoding=\"async\" width=\"208\" height=\"127\" src=\"https:\/\/www.mundotec.cl\/wp-content\/uploads\/2024\/04\/1617624692amsung_thumb.jpg\" class=\"attachment-full size-full\" alt=\"\" \/>\n\t\t\t<\/div><\/figure><figure class='gallery-item'>\n\t\t\t<div class='gallery-icon landscape'>\n\t\t\t\t<img decoding=\"async\" width=\"174\" height=\"106\" src=\"https:\/\/www.mundotec.cl\/wp-content\/uploads\/2024\/04\/1477620203xerox_thumb.jpg\" class=\"attachment-full size-full\" alt=\"\" \/>\n\t\t\t<\/div><\/figure><figure class='gallery-item'>\n\t\t\t<div class='gallery-icon landscape'>\n\t\t\t\t<img loading=\"lazy\" decoding=\"async\" width=\"164\" height=\"100\" src=\"https:\/\/www.mundotec.cl\/wp-content\/uploads\/2024\/04\/1175883261canon_thumb.jpg\" class=\"attachment-full size-full\" alt=\"\" \/>\n\t\t\t<\/div><\/figure><figure class='gallery-item'>\n\t\t\t<div class='gallery-icon landscape'>\n\t\t\t\t<img loading=\"lazy\" decoding=\"async\" width=\"164\" height=\"100\" src=\"https:\/\/www.mundotec.cl\/wp-content\/uploads\/2024\/04\/1183944395kasperski_thumb.jpg\" class=\"attachment-full size-full\" alt=\"\" \/>\n\t\t\t<\/div><\/figure><figure class='gallery-item'>\n\t\t\t<div class='gallery-icon landscape'>\n\t\t\t\t<img loading=\"lazy\" decoding=\"async\" width=\"157\" height=\"96\" src=\"https:\/\/www.mundotec.cl\/wp-content\/uploads\/2024\/04\/1126411701fortinet_thumb.jpg\" class=\"attachment-full size-full\" alt=\"\" \/>\n\t\t\t<\/div><\/figure><figure class='gallery-item'>\n\t\t\t<div class='gallery-icon landscape'>\n\t\t\t\t<img loading=\"lazy\" decoding=\"async\" width=\"172\" height=\"105\" src=\"https:\/\/www.mundotec.cl\/wp-content\/uploads\/2024\/04\/1081190267linksis_thumb.jpg\" class=\"attachment-full size-full\" alt=\"\" \/>\n\t\t\t<\/div><\/figure><figure class='gallery-item'>\n\t\t\t<div class='gallery-icon landscape'>\n\t\t\t\t<img loading=\"lazy\" decoding=\"async\" width=\"197\" height=\"120\" src=\"https:\/\/www.mundotec.cl\/wp-content\/uploads\/2024\/04\/1783347493asus_thumb.jpg\" class=\"attachment-full size-full\" alt=\"\" \/>\n\t\t\t<\/div><\/figure><figure class='gallery-item'>\n\t\t\t<div class='gallery-icon landscape'>\n\t\t\t\t<img loading=\"lazy\" decoding=\"async\" width=\"204\" height=\"124\" src=\"https:\/\/www.mundotec.cl\/wp-content\/uploads\/2024\/04\/1079673643lenovo_thumb.jpg\" class=\"attachment-full size-full\" alt=\"\" \/>\n\t\t\t<\/div><\/figure><figure class='gallery-item'>\n\t\t\t<div class='gallery-icon landscape'>\n\t\t\t\t<img loading=\"lazy\" decoding=\"async\" width=\"160\" height=\"98\" src=\"https:\/\/www.mundotec.cl\/wp-content\/uploads\/2024\/04\/1813165368vmware_thumb-1.jpg\" class=\"attachment-full size-full\" alt=\"\" \/>\n\t\t\t<\/div><\/figure><figure class='gallery-item'>\n\t\t\t<div class='gallery-icon landscape'>\n\t\t\t\t<img loading=\"lazy\" decoding=\"async\" width=\"2006\" height=\"1221\" src=\"https:\/\/www.mundotec.cl\/wp-content\/uploads\/2024\/04\/1819765206logo_thumb.jpg\" class=\"attachment-full size-full\" alt=\"\" srcset=\"https:\/\/www.mundotec.cl\/wp-content\/uploads\/2024\/04\/1819765206logo_thumb.jpg 2006w, https:\/\/www.mundotec.cl\/wp-content\/uploads\/2024\/04\/1819765206logo_thumb-600x365.jpg 600w, https:\/\/www.mundotec.cl\/wp-content\/uploads\/2024\/04\/1819765206logo_thumb-1024x623.jpg 1024w, https:\/\/www.mundotec.cl\/wp-content\/uploads\/2024\/04\/1819765206logo_thumb-768x467.jpg 768w, https:\/\/www.mundotec.cl\/wp-content\/uploads\/2024\/04\/1819765206logo_thumb-1536x935.jpg 1536w, https:\/\/www.mundotec.cl\/wp-content\/uploads\/2024\/04\/1819765206logo_thumb-640x390.jpg 640w, https:\/\/www.mundotec.cl\/wp-content\/uploads\/2024\/04\/1819765206logo_thumb-400x243.jpg 400w\" sizes=\"(max-width: 2006px) 100vw, 2006px\" \/>\n\t\t\t<\/div><\/figure><figure class='gallery-item'>\n\t\t\t<div class='gallery-icon landscape'>\n\t\t\t\t<img loading=\"lazy\" decoding=\"async\" width=\"187\" height=\"114\" src=\"https:\/\/www.mundotec.cl\/wp-content\/uploads\/2024\/04\/1956890684dlink_thumb.jpg\" class=\"attachment-full size-full\" alt=\"\" \/>\n\t\t\t<\/div><\/figure>\n\t\t<\/div>\n\t\t<\/div>\n\t\t\t\t\t\t<\/div>\n\t\t\t\t<\/div>\n\t\t\t\t\t<\/div>\r\n\t\t\t\t<\/div>\r\n\t\t\t\t\t<\/div>\r\n\t\t\t\t<\/section>\r\n\t\t\t\t<section class=\"elementor-section elementor-top-section elementor-element elementor-element-f43bd8c background-color-dark elementor-section-boxed elementor-section-height-default elementor-section-height-default\" data-id=\"f43bd8c\" data-element_type=\"section\">\r\n\t\t\r\n\t\t\t\t\t\t\t<div class=\"elementor-container elementor-column-gap-default\">\r\n\t\t\t\t\t\t\t\t\t\t\t<div class=\"elementor-column elementor-col-25 elementor-top-column elementor-element elementor-element-9cbc8f4\" data-id=\"9cbc8f4\" data-element_type=\"column\">\r\n\t\t\t\t\t<div class=\"elementor-widget-wrap elementor-element-populated\">\r\n\t\t\t\t\t\t\t\t<div class=\"elementor-element elementor-element-d05e4b7 elementor-widget elementor-widget-porto_stat_counter\" data-id=\"d05e4b7\" data-element_type=\"widget\" data-widget_type=\"porto_stat_counter.default\">\n\t\t\t\t<div class=\"elementor-widget-container\">\n\t\t\t\t\t<div class=\"stats-block stats-top\"><div class=\"stats-desc\"><div id=\"counter_148465600169f40a610e350\" data-id=\"counter_148465600169f40a610e350\" class=\"stats-number\" style=\" \" data-speed=\"3\" data-counter-value=\"18\" data-separator=\"none\" data-decimal=\".\">0<\/div><div class=\"counter_suffix mycust\" style=\" \">+<\/div><div class=\"stats-text\" style=\"\">A\u00f1os de negocio<\/div><\/div><\/div>\t\t\t\t<\/div>\n\t\t\t\t<\/div>\n\t\t\t\t\t<\/div>\r\n\t\t\t\t<\/div>\r\n\t\t\t\t<div class=\"elementor-column elementor-col-25 elementor-top-column elementor-element elementor-element-33946cf\" data-id=\"33946cf\" data-element_type=\"column\">\r\n\t\t\t\t\t<div class=\"elementor-widget-wrap elementor-element-populated\">\r\n\t\t\t\t\t\t\t\t<div class=\"elementor-element elementor-element-c4fc244 elementor-widget elementor-widget-porto_stat_counter\" data-id=\"c4fc244\" data-element_type=\"widget\" data-widget_type=\"porto_stat_counter.default\">\n\t\t\t\t<div class=\"elementor-widget-container\">\n\t\t\t\t\t<div class=\"stats-block stats-top\"><div class=\"stats-desc\"><div id=\"counter_207033608869f40a610eaf3\" data-id=\"counter_207033608869f40a610eaf3\" class=\"stats-number\" style=\" \" data-speed=\"3\" data-counter-value=\"1000\" data-separator=\"none\" data-decimal=\".\">0<\/div><div class=\"counter_suffix mycust\" style=\" \">+<\/div><div class=\"stats-text\" style=\"\">Clientes<\/div><\/div><\/div>\t\t\t\t<\/div>\n\t\t\t\t<\/div>\n\t\t\t\t\t<\/div>\r\n\t\t\t\t<\/div>\r\n\t\t\t\t<div class=\"elementor-column elementor-col-25 elementor-top-column elementor-element elementor-element-c9f0c67\" data-id=\"c9f0c67\" data-element_type=\"column\">\r\n\t\t\t\t\t<div class=\"elementor-widget-wrap elementor-element-populated\">\r\n\t\t\t\t\t\t\t\t<div class=\"elementor-element elementor-element-732c5af elementor-widget elementor-widget-porto_stat_counter\" data-id=\"732c5af\" data-element_type=\"widget\" data-widget_type=\"porto_stat_counter.default\">\n\t\t\t\t<div class=\"elementor-widget-container\">\n\t\t\t\t\t<div class=\"stats-block stats-top\"><div class=\"stats-desc\"><div id=\"counter_69050266969f40a610f201\" data-id=\"counter_69050266969f40a610f201\" class=\"stats-number\" style=\" \" data-speed=\"3\" data-counter-value=\"5000\" data-separator=\"none\" data-decimal=\".\">0<\/div><div class=\"counter_suffix mycust\" style=\" \">+<\/div><div class=\"stats-text\" style=\"\">Proyectos entregados<\/div><\/div><\/div>\t\t\t\t<\/div>\n\t\t\t\t<\/div>\n\t\t\t\t\t<\/div>\r\n\t\t\t\t<\/div>\r\n\t\t\t\t<div class=\"elementor-column elementor-col-25 elementor-top-column elementor-element elementor-element-0e583d6\" data-id=\"0e583d6\" data-element_type=\"column\">\r\n\t\t\t\t\t<div class=\"elementor-widget-wrap elementor-element-populated\">\r\n\t\t\t\t\t\t\t\t<div class=\"elementor-element elementor-element-d33e175 elementor-widget elementor-widget-porto_stat_counter\" data-id=\"d33e175\" data-element_type=\"widget\" data-widget_type=\"porto_stat_counter.default\">\n\t\t\t\t<div class=\"elementor-widget-container\">\n\t\t\t\t\t<div class=\"stats-block stats-top\"><div class=\"stats-desc\"><div id=\"counter_45564747469f40a610f97f\" data-id=\"counter_45564747469f40a610f97f\" class=\"stats-number\" style=\" \" data-speed=\"3\" data-counter-value=\"30\" data-separator=\"none\" data-decimal=\".\">0<\/div><div class=\"counter_suffix mycust\" style=\" \">+<\/div><div class=\"stats-text\" style=\"\">Miembros del equipo<\/div><\/div><\/div>\t\t\t\t<\/div>\n\t\t\t\t<\/div>\n\t\t\t\t\t<\/div>\r\n\t\t\t\t<\/div>\r\n\t\t\t\t\t<\/div>\r\n\t\t\t\t<\/section>\r\n\t\t\t\t<\/div>\n\t\t","protected":false},"excerpt":{"rendered":"<p>Nuestro Datacenter Hace m\u00e1s de 9 a\u00f1os contamos con un Datacenter propio MTDC, que no solo proporciona infraestructura Cloud de alto rendimiento, sino tambi\u00e9n un equipo de expertos que brinda asesoramiento y soporte en cada requerimiento de TI. Adaptamos nuestros niveles de servicio a las necesidades de su negocio, ofreciendo planes flexibles y escalables en [&hellip;]<\/p>\n","protected":false},"author":1,"featured_media":0,"parent":0,"menu_order":0,"comment_status":"closed","ping_status":"closed","template":"","meta":{"_joinchat":[],"footnotes":""},"class_list":["post-2721","page","type-page","status-publish","hentry"],"_links":{"self":[{"href":"https:\/\/www.mundotec.cl\/index.php\/wp-json\/wp\/v2\/pages\/2721","targetHints":{"allow":["GET"]}}],"collection":[{"href":"https:\/\/www.mundotec.cl\/index.php\/wp-json\/wp\/v2\/pages"}],"about":[{"href":"https:\/\/www.mundotec.cl\/index.php\/wp-json\/wp\/v2\/types\/page"}],"author":[{"embeddable":true,"href":"https:\/\/www.mundotec.cl\/index.php\/wp-json\/wp\/v2\/users\/1"}],"replies":[{"embeddable":true,"href":"https:\/\/www.mundotec.cl\/index.php\/wp-json\/wp\/v2\/comments?post=2721"}],"version-history":[{"count":19,"href":"https:\/\/www.mundotec.cl\/index.php\/wp-json\/wp\/v2\/pages\/2721\/revisions"}],"predecessor-version":[{"id":2782,"href":"https:\/\/www.mundotec.cl\/index.php\/wp-json\/wp\/v2\/pages\/2721\/revisions\/2782"}],"wp:attachment":[{"href":"https:\/\/www.mundotec.cl\/index.php\/wp-json\/wp\/v2\/media?parent=2721"}],"curies":[{"name":"wp","href":"https:\/\/api.w.org\/{rel}","templated":true}]}}