{"id":2341,"date":"2025-04-11T11:57:38","date_gmt":"2025-04-11T14:57:38","guid":{"rendered":"https:\/\/new.mundotec.cl\/?post_type=product&#038;p=2341"},"modified":"2025-04-11T12:08:23","modified_gmt":"2025-04-11T15:08:23","slug":"microsoft-windows-11-pro-oem-espanol-64bits-fqc-10553","status":"publish","type":"product","link":"https:\/\/www.mundotec.cl\/index.php\/product\/microsoft-windows-11-pro-oem-espanol-64bits-fqc-10553\/","title":{"rendered":"MICROSOFT WINDOWS 11 PRO, OEM, ESPA\u00d1OL, 64BITS FQC-10553"},"content":{"rendered":"<table>\n<tbody>\n<tr>\n<td><strong>SUBCATEGORIA<\/strong><\/td>\n<td>Microsoft Windows<\/td>\n<\/tr>\n<tr>\n<td><strong>MARCA<\/strong><\/td>\n<td>Microsoft<\/td>\n<\/tr>\n<tr>\n<td><strong>MODELO<\/strong><\/td>\n<td>Windows 11 Profesional<\/td>\n<\/tr>\n<tr>\n<td><strong>PART-NUMBER<\/strong><\/td>\n<td>FQC-10553<\/td>\n<\/tr>\n<tr>\n<td><strong>TIPO<\/strong><\/td>\n<td>OEM<\/td>\n<\/tr>\n<tr>\n<td><strong>IDIOMA\u00a0<\/strong><\/td>\n<td>Espa\u00f1ol<\/td>\n<\/tr>\n<tr>\n<td><strong>REQUISITO DE SISTEMA<\/strong><\/td>\n<td>\n<ul>\n<li>Espacio m\u00ednimo del disco duro: 64 GB<\/li>\n<li>Unidad de CD-ROM: S\u00ed<\/li>\n<li>Requisitos m\u00ednimos DirectX: 12.0<\/li>\n<li>Memoria RAM m\u00ednima: 4096 GB<\/li>\n<li>Velocidad m\u00ednima del procesador: 1000 GHz<\/li>\n<\/ul>\n<\/td>\n<\/tr>\n<\/tbody>\n<\/table>\n","protected":false},"excerpt":{"rendered":"<p>SUBCATEGORIA Microsoft Windows MARCA Microsoft MODELO Windows 11 Profesional PART-NUMBER FQC-10553 TIPO OEM IDIOMA\u00a0 Espa\u00f1ol REQUISITO DE SISTEMA Espacio m\u00ednimo del disco duro: 64 GB Unidad de CD-ROM: S\u00ed Requisitos m\u00ednimos DirectX: 12.0 Memoria RAM m\u00ednima: 4096 GB Velocidad m\u00ednima del procesador: 1000 GHz<\/p>\n","protected":false},"featured_media":2342,"comment_status":"open","ping_status":"closed","template":"","meta":{"_joinchat":[]},"pwb-brand":[],"product_brand":[74],"product_cat":[40],"product_tag":[],"class_list":{"0":"post-2341","1":"product","2":"type-product","3":"status-publish","4":"has-post-thumbnail","6":"product_brand-microsoft","7":"product_cat-licencias-oem","9":"first","10":"instock","11":"taxable","12":"shipping-taxable","13":"purchasable","14":"product-type-simple"},"brands":[],"_links":{"self":[{"href":"https:\/\/www.mundotec.cl\/index.php\/wp-json\/wp\/v2\/product\/2341","targetHints":{"allow":["GET"]}}],"collection":[{"href":"https:\/\/www.mundotec.cl\/index.php\/wp-json\/wp\/v2\/product"}],"about":[{"href":"https:\/\/www.mundotec.cl\/index.php\/wp-json\/wp\/v2\/types\/product"}],"replies":[{"embeddable":true,"href":"https:\/\/www.mundotec.cl\/index.php\/wp-json\/wp\/v2\/comments?post=2341"}],"wp:featuredmedia":[{"embeddable":true,"href":"https:\/\/www.mundotec.cl\/index.php\/wp-json\/wp\/v2\/media\/2342"}],"wp:attachment":[{"href":"https:\/\/www.mundotec.cl\/index.php\/wp-json\/wp\/v2\/media?parent=2341"}],"wp:term":[{"taxonomy":"pwb-brand","embeddable":true,"href":"https:\/\/www.mundotec.cl\/index.php\/wp-json\/wp\/v2\/pwb-brand?post=2341"},{"taxonomy":"product_brand","embeddable":true,"href":"https:\/\/www.mundotec.cl\/index.php\/wp-json\/wp\/v2\/product_brand?post=2341"},{"taxonomy":"product_cat","embeddable":true,"href":"https:\/\/www.mundotec.cl\/index.php\/wp-json\/wp\/v2\/product_cat?post=2341"},{"taxonomy":"product_tag","embeddable":true,"href":"https:\/\/www.mundotec.cl\/index.php\/wp-json\/wp\/v2\/product_tag?post=2341"}],"curies":[{"name":"wp","href":"https:\/\/api.w.org\/{rel}","templated":true}]}}